{"id":3881,"date":"2020-08-21T10:03:51","date_gmt":"2020-08-21T14:03:51","guid":{"rendered":"https:\/\/www.americanvibeskribbean.com\/?post_type=product&#038;p=3881"},"modified":"2021-04-16T09:50:52","modified_gmt":"2021-04-16T13:50:52","slug":"magic-liner-eyeleshes","status":"publish","type":"product","link":"https:\/\/www.americanvibeskribbean.com\/en\/product\/magic-liner-eyeleshes\/","title":{"rendered":"Magic liner eyelashes"},"content":{"rendered":"<p>Eyeliners adhesifs noir ou transparent qui remplacent la colle \u00e0 faux cils et sont plus r\u00e9sistant que les faux cils magn\u00e9tiques.<\/p>\n<p>Black or transparent colors. <br><br>\n\/****** Espa\u00f1ol ******\/\n<br><br>Delineadores de ojos m\u00e1gicos que reemplazan el pegamento de pesta\u00f1as postizas y las pesta\u00f1as postizas magn\u00e9ticas.<br>Colores negros o transparentes.<\/p>","protected":false},"excerpt":{"rendered":"<p>Eyeliners adhesifs noir ou transparent qui remplacent la colle \u00e0 faux cils et sont plus r\u00e9sistant que les faux cils magn\u00e9tiques. Couleurs noir ou transparent.<\/p>","protected":false},"featured_media":3882,"template":"","meta":[],"product_cat":[132,135],"product_tag":[],"_links":{"self":[{"href":"https:\/\/www.americanvibeskribbean.com\/en\/wp-json\/wp\/v2\/product\/3881"}],"collection":[{"href":"https:\/\/www.americanvibeskribbean.com\/en\/wp-json\/wp\/v2\/product"}],"about":[{"href":"https:\/\/www.americanvibeskribbean.com\/en\/wp-json\/wp\/v2\/types\/product"}],"version-history":[{"count":5,"href":"https:\/\/www.americanvibeskribbean.com\/en\/wp-json\/wp\/v2\/product\/3881\/revisions"}],"predecessor-version":[{"id":7810,"href":"https:\/\/www.americanvibeskribbean.com\/en\/wp-json\/wp\/v2\/product\/3881\/revisions\/7810"}],"wp:featuredmedia":[{"embeddable":true,"href":"https:\/\/www.americanvibeskribbean.com\/en\/wp-json\/wp\/v2\/media\/3882"}],"wp:attachment":[{"href":"https:\/\/www.americanvibeskribbean.com\/en\/wp-json\/wp\/v2\/media?parent=3881"}],"wp:term":[{"taxonomy":"product_cat","embeddable":true,"href":"https:\/\/www.americanvibeskribbean.com\/en\/wp-json\/wp\/v2\/product_cat?post=3881"},{"taxonomy":"product_tag","embeddable":true,"href":"https:\/\/www.americanvibeskribbean.com\/en\/wp-json\/wp\/v2\/product_tag?post=3881"}],"curies":[{"name":"wp","href":"https:\/\/api.w.org\/{rel}","templated":true}]}}