{"id":3904,"date":"2020-08-21T10:20:34","date_gmt":"2020-08-21T14:20:34","guid":{"rendered":"https:\/\/www.americanvibeskribbean.com\/?post_type=product&#038;p=3904"},"modified":"2022-03-13T18:26:52","modified_gmt":"2022-03-13T22:26:52","slug":"3904","status":"publish","type":"product","link":"https:\/\/www.americanvibeskribbean.com\/en\/product\/3904\/","title":{"rendered":"FULL Lace wig NU locs mod\u00e8le HD"},"content":{"rendered":"<p style=\"text-align: left;\">Lace wig HD ,dentelle invisible meches locs\/fausses locs\/braids avec baby hair<\/p>\n<p>densit\u00e9 mod\u00e9r\u00e9ment pleine ,les meches sont plus fines<\/p>\n<p>Longueur unique 30_36 pouces<\/p>\n<p>Confection main<\/p>","protected":false},"excerpt":{"rendered":"<blockquote><p>&nbsp;<\/p><\/blockquote>","protected":false},"featured_media":8694,"template":"","meta":[],"product_cat":[32,40,62],"product_tag":[],"_links":{"self":[{"href":"https:\/\/www.americanvibeskribbean.com\/en\/wp-json\/wp\/v2\/product\/3904"}],"collection":[{"href":"https:\/\/www.americanvibeskribbean.com\/en\/wp-json\/wp\/v2\/product"}],"about":[{"href":"https:\/\/www.americanvibeskribbean.com\/en\/wp-json\/wp\/v2\/types\/product"}],"version-history":[{"count":16,"href":"https:\/\/www.americanvibeskribbean.com\/en\/wp-json\/wp\/v2\/product\/3904\/revisions"}],"predecessor-version":[{"id":9390,"href":"https:\/\/www.americanvibeskribbean.com\/en\/wp-json\/wp\/v2\/product\/3904\/revisions\/9390"}],"wp:featuredmedia":[{"embeddable":true,"href":"https:\/\/www.americanvibeskribbean.com\/en\/wp-json\/wp\/v2\/media\/8694"}],"wp:attachment":[{"href":"https:\/\/www.americanvibeskribbean.com\/en\/wp-json\/wp\/v2\/media?parent=3904"}],"wp:term":[{"taxonomy":"product_cat","embeddable":true,"href":"https:\/\/www.americanvibeskribbean.com\/en\/wp-json\/wp\/v2\/product_cat?post=3904"},{"taxonomy":"product_tag","embeddable":true,"href":"https:\/\/www.americanvibeskribbean.com\/en\/wp-json\/wp\/v2\/product_tag?post=3904"}],"curies":[{"name":"wp","href":"https:\/\/api.w.org\/{rel}","templated":true}]}}