{"id":3927,"date":"2020-08-21T10:40:44","date_gmt":"2020-08-21T14:40:44","guid":{"rendered":"https:\/\/www.americanvibeskribbean.com\/?post_type=product&#038;p=3927"},"modified":"2021-04-14T19:42:32","modified_gmt":"2021-04-14T23:42:32","slug":"bob-curly-asymetrique","status":"publish","type":"product","link":"https:\/\/www.americanvibeskribbean.com\/en\/product\/bob-curly-asymetrique\/","title":{"rendered":"Asymmetrical curly bob"},"content":{"rendered":"<p>Bob lace wig m\u00e8ches raw hair p\u00e9ruviennes italian.curl<\/p>\n<p>Pure raw hair 10 au 12 grade A<\/p>\n<p>Lace front, HD.<\/p>\n<p>Length: 12 to 16 inches<\/p>\n<p>Densit\u00e9 : 150%<\/p>","protected":false},"excerpt":{"rendered":"<p>Bob lace wig m\u00e8ches raw hair p\u00e9ruviennes italian.curl Pure raw hair 10 au 12 grade A Lace front, HD. Longueur : 12 \u00e0 16 pouces Densit\u00e9 : 150%<\/p>","protected":false},"featured_media":3928,"template":"","meta":[],"product_cat":[32,45],"product_tag":[],"_links":{"self":[{"href":"https:\/\/www.americanvibeskribbean.com\/en\/wp-json\/wp\/v2\/product\/3927"}],"collection":[{"href":"https:\/\/www.americanvibeskribbean.com\/en\/wp-json\/wp\/v2\/product"}],"about":[{"href":"https:\/\/www.americanvibeskribbean.com\/en\/wp-json\/wp\/v2\/types\/product"}],"version-history":[{"count":12,"href":"https:\/\/www.americanvibeskribbean.com\/en\/wp-json\/wp\/v2\/product\/3927\/revisions"}],"predecessor-version":[{"id":8590,"href":"https:\/\/www.americanvibeskribbean.com\/en\/wp-json\/wp\/v2\/product\/3927\/revisions\/8590"}],"wp:featuredmedia":[{"embeddable":true,"href":"https:\/\/www.americanvibeskribbean.com\/en\/wp-json\/wp\/v2\/media\/3928"}],"wp:attachment":[{"href":"https:\/\/www.americanvibeskribbean.com\/en\/wp-json\/wp\/v2\/media?parent=3927"}],"wp:term":[{"taxonomy":"product_cat","embeddable":true,"href":"https:\/\/www.americanvibeskribbean.com\/en\/wp-json\/wp\/v2\/product_cat?post=3927"},{"taxonomy":"product_tag","embeddable":true,"href":"https:\/\/www.americanvibeskribbean.com\/en\/wp-json\/wp\/v2\/product_tag?post=3927"}],"curies":[{"name":"wp","href":"https:\/\/api.w.org\/{rel}","templated":true}]}}