{"id":3997,"date":"2020-08-23T09:45:43","date_gmt":"2020-08-23T13:45:43","guid":{"rendered":"https:\/\/www.americanvibeskribbean.com\/?post_type=product&#038;p=3997"},"modified":"2021-04-14T18:21:08","modified_gmt":"2021-04-14T22:21:08","slug":"bob-curly-court","status":"publish","type":"product","link":"https:\/\/www.americanvibeskribbean.com\/en\/product\/bob-curly-court\/","title":{"rendered":"Short curly bob"},"content":{"rendered":"<p style=\"text-align: left;\">Curly bob ideal for everyday wear.<br \/>\nM\u00e8ches p\u00e9ruviennes raw pure 12 grade A<br \/>\nLace front.<br \/>\nLenght: 10 to 14 inchs<br \/>\nDensity: 130% or 150%<\/p>","protected":false},"excerpt":{"rendered":"<p>Bob curly id\u00e9al pour porter au quotidien. M\u00e8ches p\u00e9ruviennes raw pure 12 grade A Lace front. Longueur : 10 \u00e0 14 pouces Densit\u00e9 : 130% ou 150 %.<\/p>","protected":false},"featured_media":3998,"template":"","meta":[],"product_cat":[32,45,52],"product_tag":[],"_links":{"self":[{"href":"https:\/\/www.americanvibeskribbean.com\/en\/wp-json\/wp\/v2\/product\/3997"}],"collection":[{"href":"https:\/\/www.americanvibeskribbean.com\/en\/wp-json\/wp\/v2\/product"}],"about":[{"href":"https:\/\/www.americanvibeskribbean.com\/en\/wp-json\/wp\/v2\/types\/product"}],"version-history":[{"count":8,"href":"https:\/\/www.americanvibeskribbean.com\/en\/wp-json\/wp\/v2\/product\/3997\/revisions"}],"predecessor-version":[{"id":6385,"href":"https:\/\/www.americanvibeskribbean.com\/en\/wp-json\/wp\/v2\/product\/3997\/revisions\/6385"}],"wp:featuredmedia":[{"embeddable":true,"href":"https:\/\/www.americanvibeskribbean.com\/en\/wp-json\/wp\/v2\/media\/3998"}],"wp:attachment":[{"href":"https:\/\/www.americanvibeskribbean.com\/en\/wp-json\/wp\/v2\/media?parent=3997"}],"wp:term":[{"taxonomy":"product_cat","embeddable":true,"href":"https:\/\/www.americanvibeskribbean.com\/en\/wp-json\/wp\/v2\/product_cat?post=3997"},{"taxonomy":"product_tag","embeddable":true,"href":"https:\/\/www.americanvibeskribbean.com\/en\/wp-json\/wp\/v2\/product_tag?post=3997"}],"curies":[{"name":"wp","href":"https:\/\/api.w.org\/{rel}","templated":true}]}}