{"id":4000,"date":"2020-08-23T09:49:38","date_gmt":"2020-08-23T13:49:38","guid":{"rendered":"https:\/\/www.americanvibeskribbean.com\/?post_type=product&#038;p=4000"},"modified":"2021-04-14T18:39:52","modified_gmt":"2021-04-14T22:39:52","slug":"lacewig-afro-crepu","status":"publish","type":"product","link":"https:\/\/www.americanvibeskribbean.com\/en\/product\/lacewig-afro-crepu\/","title":{"rendered":"Wig afro kinki"},"content":{"rendered":"<p style=\"text-align: left;\">Lace wig afro cr\u00e9pu de.tyoe 4c id\u00e9al pour le quotidien.<br \/>\n8 to 16 inches. Density 180%.<br \/>\nCustomizable colors.<\/p>","protected":false},"excerpt":{"rendered":"<p>Lace wig afro cr\u00e9pu de.tyoe 4c id\u00e9al pour le quotidien. 8 \u00e0 16 pouces. Densit\u00e9 180%. Couleurs personnalisables.<\/p>","protected":false},"featured_media":4001,"template":"","meta":[],"product_cat":[32,42,53],"product_tag":[],"_links":{"self":[{"href":"https:\/\/www.americanvibeskribbean.com\/en\/wp-json\/wp\/v2\/product\/4000"}],"collection":[{"href":"https:\/\/www.americanvibeskribbean.com\/en\/wp-json\/wp\/v2\/product"}],"about":[{"href":"https:\/\/www.americanvibeskribbean.com\/en\/wp-json\/wp\/v2\/types\/product"}],"version-history":[{"count":10,"href":"https:\/\/www.americanvibeskribbean.com\/en\/wp-json\/wp\/v2\/product\/4000\/revisions"}],"predecessor-version":[{"id":6629,"href":"https:\/\/www.americanvibeskribbean.com\/en\/wp-json\/wp\/v2\/product\/4000\/revisions\/6629"}],"wp:featuredmedia":[{"embeddable":true,"href":"https:\/\/www.americanvibeskribbean.com\/en\/wp-json\/wp\/v2\/media\/4001"}],"wp:attachment":[{"href":"https:\/\/www.americanvibeskribbean.com\/en\/wp-json\/wp\/v2\/media?parent=4000"}],"wp:term":[{"taxonomy":"product_cat","embeddable":true,"href":"https:\/\/www.americanvibeskribbean.com\/en\/wp-json\/wp\/v2\/product_cat?post=4000"},{"taxonomy":"product_tag","embeddable":true,"href":"https:\/\/www.americanvibeskribbean.com\/en\/wp-json\/wp\/v2\/product_tag?post=4000"}],"curies":[{"name":"wp","href":"https:\/\/api.w.org\/{rel}","templated":true}]}}