{"id":4020,"date":"2020-08-24T08:32:41","date_gmt":"2020-08-24T12:32:41","guid":{"rendered":"https:\/\/www.americanvibeskribbean.com\/?post_type=product&#038;p=4020"},"modified":"2021-04-14T17:49:14","modified_gmt":"2021-04-14T21:49:14","slug":"lacewig-afro-kinky-kurl","status":"publish","type":"product","link":"https:\/\/www.americanvibeskribbean.com\/en\/product\/lacewig-afro-kinky-kurl\/","title":{"rendered":"Lacewig afro kinky curl cambodgian"},"content":{"rendered":"<blockquote><p>Lacewig kinky curl m\u00e8ches\u00a0 cambodgienne 12 grade A id\u00e9al \u00e0 porter au quotidien.<br \/>\n12 to 30 inches, 180% to 200% density.<br \/>\nLace front, full, 360.<\/p><\/blockquote>","protected":false},"excerpt":{"rendered":"<p>Lacewig kinky curl m\u00e8ches\u00a0 cambodgienne 12 grade A id\u00e9al \u00e0 porter au quotidien. 12 \u00e0 30 pouces, densit\u00e9 de 180% \u00e0 200%. Lace front, full, 360.<\/p>","protected":false},"featured_media":7208,"template":"","meta":[],"product_cat":[32,42,53],"product_tag":[],"_links":{"self":[{"href":"https:\/\/www.americanvibeskribbean.com\/en\/wp-json\/wp\/v2\/product\/4020"}],"collection":[{"href":"https:\/\/www.americanvibeskribbean.com\/en\/wp-json\/wp\/v2\/product"}],"about":[{"href":"https:\/\/www.americanvibeskribbean.com\/en\/wp-json\/wp\/v2\/types\/product"}],"version-history":[{"count":12,"href":"https:\/\/www.americanvibeskribbean.com\/en\/wp-json\/wp\/v2\/product\/4020\/revisions"}],"predecessor-version":[{"id":7223,"href":"https:\/\/www.americanvibeskribbean.com\/en\/wp-json\/wp\/v2\/product\/4020\/revisions\/7223"}],"wp:featuredmedia":[{"embeddable":true,"href":"https:\/\/www.americanvibeskribbean.com\/en\/wp-json\/wp\/v2\/media\/7208"}],"wp:attachment":[{"href":"https:\/\/www.americanvibeskribbean.com\/en\/wp-json\/wp\/v2\/media?parent=4020"}],"wp:term":[{"taxonomy":"product_cat","embeddable":true,"href":"https:\/\/www.americanvibeskribbean.com\/en\/wp-json\/wp\/v2\/product_cat?post=4020"},{"taxonomy":"product_tag","embeddable":true,"href":"https:\/\/www.americanvibeskribbean.com\/en\/wp-json\/wp\/v2\/product_tag?post=4020"}],"curies":[{"name":"wp","href":"https:\/\/api.w.org\/{rel}","templated":true}]}}