{"id":4024,"date":"2020-08-24T08:38:10","date_gmt":"2020-08-24T12:38:10","guid":{"rendered":"https:\/\/www.americanvibeskribbean.com\/?post_type=product&#038;p=4024"},"modified":"2021-04-14T17:40:01","modified_gmt":"2021-04-14T21:40:01","slug":"full-lace-loose-deep-wave","status":"publish","type":"product","link":"https:\/\/www.americanvibeskribbean.com\/en\/product\/full-lace-loose-deep-wave\/","title":{"rendered":"Full lace loose deep wave"},"content":{"rendered":"<p>M\u00e8ches Raw hair pure de qualit\u00e9 10 au 12 grade<br \/>\nLenght : 12 to 30 inchs<br \/>\nFull lace, full 360, HD laces<br \/>\nDensity : 180%<\/p>\n<ol>\n<li>Dentelles HD<\/li>\n<\/ol>","protected":false},"excerpt":{"rendered":"<p>M\u00e8ches Raw hair pure de qualit\u00e9 10 au 12 grade 12 au 30 pouces Full lace, full 360, HD laces Densit\u00e9 180% Dentelles HD<\/p>","protected":false},"featured_media":4026,"template":"","meta":[],"product_cat":[32,55],"product_tag":[],"_links":{"self":[{"href":"https:\/\/www.americanvibeskribbean.com\/en\/wp-json\/wp\/v2\/product\/4024"}],"collection":[{"href":"https:\/\/www.americanvibeskribbean.com\/en\/wp-json\/wp\/v2\/product"}],"about":[{"href":"https:\/\/www.americanvibeskribbean.com\/en\/wp-json\/wp\/v2\/types\/product"}],"version-history":[{"count":8,"href":"https:\/\/www.americanvibeskribbean.com\/en\/wp-json\/wp\/v2\/product\/4024\/revisions"}],"predecessor-version":[{"id":8273,"href":"https:\/\/www.americanvibeskribbean.com\/en\/wp-json\/wp\/v2\/product\/4024\/revisions\/8273"}],"wp:featuredmedia":[{"embeddable":true,"href":"https:\/\/www.americanvibeskribbean.com\/en\/wp-json\/wp\/v2\/media\/4026"}],"wp:attachment":[{"href":"https:\/\/www.americanvibeskribbean.com\/en\/wp-json\/wp\/v2\/media?parent=4024"}],"wp:term":[{"taxonomy":"product_cat","embeddable":true,"href":"https:\/\/www.americanvibeskribbean.com\/en\/wp-json\/wp\/v2\/product_cat?post=4024"},{"taxonomy":"product_tag","embeddable":true,"href":"https:\/\/www.americanvibeskribbean.com\/en\/wp-json\/wp\/v2\/product_tag?post=4024"}],"curies":[{"name":"wp","href":"https:\/\/api.w.org\/{rel}","templated":true}]}}