{"id":4083,"date":"2020-08-24T13:29:48","date_gmt":"2020-08-24T17:29:48","guid":{"rendered":"https:\/\/www.americanvibeskribbean.com\/?post_type=product&#038;p=4083"},"modified":"2021-09-24T11:44:27","modified_gmt":"2021-09-24T15:44:27","slug":"lacewig-new-curly","status":"publish","type":"product","link":"https:\/\/www.americanvibeskribbean.com\/en\/product\/lacewig-new-curly\/","title":{"rendered":"Lacewig new curly HD RAW"},"content":{"rendered":"<p style=\"text-align: left;\">M\u00e8ches RAW hair p\u00e9ruviennes, malaisiennes pures , 10 au 12 grade A<\/p>\n<p>lacewig id\u00e9al pour porter au quotidien<br \/>\nLenght : 16 to 30 inches<br \/>\nDensity : 180%<br \/>\nFull lace, 360, lace front<br \/>\nCustomizable colors<\/p>","protected":false},"excerpt":{"rendered":"<p>M\u00e8ches RAW hair p\u00e9ruviennes, malaisiennes pures , 10 au 12 grade A lacewig id\u00e9al pour porter au quotidien 16 au 30 pouces Densit\u00e9 en 180% Full lace, 360, lace front Couleurs personnalisables<\/p>","protected":false},"featured_media":4086,"template":"","meta":[],"product_cat":[32,42,53],"product_tag":[],"_links":{"self":[{"href":"https:\/\/www.americanvibeskribbean.com\/en\/wp-json\/wp\/v2\/product\/4083"}],"collection":[{"href":"https:\/\/www.americanvibeskribbean.com\/en\/wp-json\/wp\/v2\/product"}],"about":[{"href":"https:\/\/www.americanvibeskribbean.com\/en\/wp-json\/wp\/v2\/types\/product"}],"version-history":[{"count":10,"href":"https:\/\/www.americanvibeskribbean.com\/en\/wp-json\/wp\/v2\/product\/4083\/revisions"}],"predecessor-version":[{"id":8989,"href":"https:\/\/www.americanvibeskribbean.com\/en\/wp-json\/wp\/v2\/product\/4083\/revisions\/8989"}],"wp:featuredmedia":[{"embeddable":true,"href":"https:\/\/www.americanvibeskribbean.com\/en\/wp-json\/wp\/v2\/media\/4086"}],"wp:attachment":[{"href":"https:\/\/www.americanvibeskribbean.com\/en\/wp-json\/wp\/v2\/media?parent=4083"}],"wp:term":[{"taxonomy":"product_cat","embeddable":true,"href":"https:\/\/www.americanvibeskribbean.com\/en\/wp-json\/wp\/v2\/product_cat?post=4083"},{"taxonomy":"product_tag","embeddable":true,"href":"https:\/\/www.americanvibeskribbean.com\/en\/wp-json\/wp\/v2\/product_tag?post=4083"}],"curies":[{"name":"wp","href":"https:\/\/api.w.org\/{rel}","templated":true}]}}