{"id":4090,"date":"2020-08-24T13:31:51","date_gmt":"2020-08-24T17:31:51","guid":{"rendered":"https:\/\/www.americanvibeskribbean.com\/?post_type=product&#038;p=4090"},"modified":"2020-12-31T07:56:09","modified_gmt":"2020-12-31T11:56:09","slug":"lacewig-braids","status":"publish","type":"product","link":"https:\/\/www.americanvibeskribbean.com\/en\/product\/lacewig-braids\/","title":{"rendered":"Lacewig braids \u00ab\u00a0cornrow braided wig\u00a0\u00bb"},"content":{"rendered":"<p style=\"text-align: left;\">Lacewigs tr\u00e9ss\u00e9es fa\u00eetes \u00e0 base de m\u00e8ches virgin human hair<\/p>\n<p>baby hair int\u00e9gr\u00e9s,.dentelle transparente<\/p>\n<p style=\"text-align: left;\">Density : Full\nLenght : 16 to 30 inchs<\/p>","protected":false},"excerpt":{"rendered":"<p>Lacewigs tr\u00e9ss\u00e9es fa\u00eetes \u00e0 base de m\u00e8ches virgin human hair baby hair int\u00e9gr\u00e9s,.dentelle transparente De 16 \u00e0 30 pouces, densit\u00e9 full<\/p>","protected":false},"featured_media":4091,"template":"","meta":[],"product_cat":[62],"product_tag":[],"_links":{"self":[{"href":"https:\/\/www.americanvibeskribbean.com\/en\/wp-json\/wp\/v2\/product\/4090"}],"collection":[{"href":"https:\/\/www.americanvibeskribbean.com\/en\/wp-json\/wp\/v2\/product"}],"about":[{"href":"https:\/\/www.americanvibeskribbean.com\/en\/wp-json\/wp\/v2\/types\/product"}],"version-history":[{"count":17,"href":"https:\/\/www.americanvibeskribbean.com\/en\/wp-json\/wp\/v2\/product\/4090\/revisions"}],"predecessor-version":[{"id":6545,"href":"https:\/\/www.americanvibeskribbean.com\/en\/wp-json\/wp\/v2\/product\/4090\/revisions\/6545"}],"wp:featuredmedia":[{"embeddable":true,"href":"https:\/\/www.americanvibeskribbean.com\/en\/wp-json\/wp\/v2\/media\/4091"}],"wp:attachment":[{"href":"https:\/\/www.americanvibeskribbean.com\/en\/wp-json\/wp\/v2\/media?parent=4090"}],"wp:term":[{"taxonomy":"product_cat","embeddable":true,"href":"https:\/\/www.americanvibeskribbean.com\/en\/wp-json\/wp\/v2\/product_cat?post=4090"},{"taxonomy":"product_tag","embeddable":true,"href":"https:\/\/www.americanvibeskribbean.com\/en\/wp-json\/wp\/v2\/product_tag?post=4090"}],"curies":[{"name":"wp","href":"https:\/\/api.w.org\/{rel}","templated":true}]}}