{"id":4100,"date":"2020-08-24T13:42:53","date_gmt":"2020-08-24T17:42:53","guid":{"rendered":"https:\/\/www.americanvibeskribbean.com\/?post_type=product&#038;p=4100"},"modified":"2022-11-05T08:14:06","modified_gmt":"2022-11-05T12:14:06","slug":"lacewig-fausee-locs-modele-2","status":"publish","type":"product","link":"https:\/\/www.americanvibeskribbean.com\/en\/product\/lacewig-fausee-locs-modele-2\/","title":{"rendered":"FULL Lacewig fausses locks mod\u00e8le 2 HD"},"content":{"rendered":"<p style=\"text-align: left;\">\u00e0 base de m\u00e8ches qualit\u00e9 virgin human hair plus \u00e9paisses (similaires 100% aux vrais locs)<\/p>\n<p>Dentelle\u00a0 transparente,\u00a0 baby hair int\u00e9gr\u00e9s<\/p>\n<p>densit\u00e9 full.HD Transparente,<\/p>\n<p>18 ou 30 pouces.<\/p>\n<p>Confection main<\/p>","protected":false},"excerpt":{"rendered":"<p>\u00e0 base de m\u00e8ches qualit\u00e9 virgin human hair plus \u00e9paisses (similaires 100% aux vrais locs) Dentelle\u00a0 transparente,\u00a0 baby hair int\u00e9gr\u00e9s densit\u00e9 full.HD Transparente, 18 ou 30 pouces. Confection main<\/p>","protected":false},"featured_media":8884,"template":"","meta":[],"product_cat":[32,64,42,40,62],"product_tag":[],"_links":{"self":[{"href":"https:\/\/www.americanvibeskribbean.com\/en\/wp-json\/wp\/v2\/product\/4100"}],"collection":[{"href":"https:\/\/www.americanvibeskribbean.com\/en\/wp-json\/wp\/v2\/product"}],"about":[{"href":"https:\/\/www.americanvibeskribbean.com\/en\/wp-json\/wp\/v2\/types\/product"}],"version-history":[{"count":21,"href":"https:\/\/www.americanvibeskribbean.com\/en\/wp-json\/wp\/v2\/product\/4100\/revisions"}],"predecessor-version":[{"id":9503,"href":"https:\/\/www.americanvibeskribbean.com\/en\/wp-json\/wp\/v2\/product\/4100\/revisions\/9503"}],"wp:featuredmedia":[{"embeddable":true,"href":"https:\/\/www.americanvibeskribbean.com\/en\/wp-json\/wp\/v2\/media\/8884"}],"wp:attachment":[{"href":"https:\/\/www.americanvibeskribbean.com\/en\/wp-json\/wp\/v2\/media?parent=4100"}],"wp:term":[{"taxonomy":"product_cat","embeddable":true,"href":"https:\/\/www.americanvibeskribbean.com\/en\/wp-json\/wp\/v2\/product_cat?post=4100"},{"taxonomy":"product_tag","embeddable":true,"href":"https:\/\/www.americanvibeskribbean.com\/en\/wp-json\/wp\/v2\/product_tag?post=4100"}],"curies":[{"name":"wp","href":"https:\/\/api.w.org\/{rel}","templated":true}]}}