{"id":4104,"date":"2020-08-24T13:46:17","date_gmt":"2020-08-24T17:46:17","guid":{"rendered":"https:\/\/www.americanvibeskribbean.com\/?post_type=product&#038;p=4104"},"modified":"2021-08-06T11:16:15","modified_gmt":"2021-08-06T15:16:15","slug":"lash-shampoing-eyeleshes","status":"publish","type":"product","link":"https:\/\/www.americanvibeskribbean.com\/en\/product\/lash-shampoing-eyeleshes\/","title":{"rendered":"Lash shampoing eyelashes"},"content":{"rendered":"<p>Eyelash care shampoos.<\/p>\n<p>Lash shampoo foam + brush to remove glue residue, makeup\u2026.<\/p>\n<p>Also used for those who wear eyelash extensions. <br><br>\n\/****** Espa\u00f1ol ******\/\n<br><br> Champ\u00fas para el cuidado de las pesta\u00f1as. <br>Champ\u00fa de pesta\u00f1as espuma + cepillo para eliminar restos de pegamento, maquillaje\u2026. <br>Tambi\u00e9n se usa para quienes usan extensiones de pesta\u00f1as.<\/p>","protected":false},"excerpt":{"rendered":"<blockquote>\n<p style=\"text-align: left;\">Shampoing pour cils naturels, extensions qui peut \u00eatre utilis\u00e9s pour les faux cils<\/p>\n<\/blockquote>","protected":false},"featured_media":8856,"template":"","meta":[],"product_cat":[212,66],"product_tag":[],"_links":{"self":[{"href":"https:\/\/www.americanvibeskribbean.com\/en\/wp-json\/wp\/v2\/product\/4104"}],"collection":[{"href":"https:\/\/www.americanvibeskribbean.com\/en\/wp-json\/wp\/v2\/product"}],"about":[{"href":"https:\/\/www.americanvibeskribbean.com\/en\/wp-json\/wp\/v2\/types\/product"}],"version-history":[{"count":3,"href":"https:\/\/www.americanvibeskribbean.com\/en\/wp-json\/wp\/v2\/product\/4104\/revisions"}],"predecessor-version":[{"id":8857,"href":"https:\/\/www.americanvibeskribbean.com\/en\/wp-json\/wp\/v2\/product\/4104\/revisions\/8857"}],"wp:featuredmedia":[{"embeddable":true,"href":"https:\/\/www.americanvibeskribbean.com\/en\/wp-json\/wp\/v2\/media\/8856"}],"wp:attachment":[{"href":"https:\/\/www.americanvibeskribbean.com\/en\/wp-json\/wp\/v2\/media?parent=4104"}],"wp:term":[{"taxonomy":"product_cat","embeddable":true,"href":"https:\/\/www.americanvibeskribbean.com\/en\/wp-json\/wp\/v2\/product_cat?post=4104"},{"taxonomy":"product_tag","embeddable":true,"href":"https:\/\/www.americanvibeskribbean.com\/en\/wp-json\/wp\/v2\/product_tag?post=4104"}],"curies":[{"name":"wp","href":"https:\/\/api.w.org\/{rel}","templated":true}]}}