{"id":4114,"date":"2020-08-24T13:54:39","date_gmt":"2020-08-24T17:54:39","guid":{"rendered":"https:\/\/www.americanvibeskribbean.com\/?post_type=product&#038;p=4114"},"modified":"2021-08-06T18:16:18","modified_gmt":"2021-08-06T22:16:18","slug":"serum-hydratant-longue-duree-kinky-kurly","status":"publish","type":"product","link":"https:\/\/www.americanvibeskribbean.com\/en\/product\/serum-hydratant-longue-duree-kinky-kurly\/","title":{"rendered":"Serum hydratant longue duree KINKY CURLY"},"content":{"rendered":"<p>Nourishing hair serum and lace wigs raw hair.<\/p>\n<p>Indispensable nourishing serum for hair and lace wigs raw hair, with long-lasting moisturizing action. <br><br>\n\/****** Espa\u00f1ol ******\/\n<br><br>\nSerum nutritivo para el cabello y pelucas de encaje para cabello crudo.<br>\nS\u00e9rum nutritivo indispensable para cabello crudo y pelucas de encaje, con acci\u00f3n hidratante de larga duraci\u00f3n.<\/p>","protected":false},"excerpt":{"rendered":"<p>S\u00e9rum nourrissant pour cheveux et lace wigs raw hair. S\u00e9rum nourrissant indispensables pour cheveux et lace wigs raw hair, avec action hydratant longue dur\u00e9e.<\/p>","protected":false},"featured_media":4115,"template":"","meta":[],"product_cat":[212,38,70],"product_tag":[],"_links":{"self":[{"href":"https:\/\/www.americanvibeskribbean.com\/en\/wp-json\/wp\/v2\/product\/4114"}],"collection":[{"href":"https:\/\/www.americanvibeskribbean.com\/en\/wp-json\/wp\/v2\/product"}],"about":[{"href":"https:\/\/www.americanvibeskribbean.com\/en\/wp-json\/wp\/v2\/types\/product"}],"version-history":[{"count":3,"href":"https:\/\/www.americanvibeskribbean.com\/en\/wp-json\/wp\/v2\/product\/4114\/revisions"}],"predecessor-version":[{"id":6126,"href":"https:\/\/www.americanvibeskribbean.com\/en\/wp-json\/wp\/v2\/product\/4114\/revisions\/6126"}],"wp:featuredmedia":[{"embeddable":true,"href":"https:\/\/www.americanvibeskribbean.com\/en\/wp-json\/wp\/v2\/media\/4115"}],"wp:attachment":[{"href":"https:\/\/www.americanvibeskribbean.com\/en\/wp-json\/wp\/v2\/media?parent=4114"}],"wp:term":[{"taxonomy":"product_cat","embeddable":true,"href":"https:\/\/www.americanvibeskribbean.com\/en\/wp-json\/wp\/v2\/product_cat?post=4114"},{"taxonomy":"product_tag","embeddable":true,"href":"https:\/\/www.americanvibeskribbean.com\/en\/wp-json\/wp\/v2\/product_tag?post=4114"}],"curies":[{"name":"wp","href":"https:\/\/api.w.org\/{rel}","templated":true}]}}