{"id":4117,"date":"2020-08-24T13:56:49","date_gmt":"2020-08-24T17:56:49","guid":{"rendered":"https:\/\/www.americanvibeskribbean.com\/?post_type=product&#038;p=4117"},"modified":"2020-09-11T11:18:51","modified_gmt":"2020-09-11T15:18:51","slug":"lace-remover-kit","status":"publish","type":"product","link":"https:\/\/www.americanvibeskribbean.com\/en\/product\/lace-remover-kit\/","title":{"rendered":"Lace remover kit"},"content":{"rendered":"<p>Ideal product to take off your stuck lace wig and moisturize the scalp.<\/p>\n<p>The kit includes:<\/p>\n<p>Step 1 - DELICATE SPRAYER - Gently release the lace in 30-45 seconds.<\/p>\n<p>Step 2 - LACE ADHESIVE REMOVER WIPE - Wipes all adhesive residue and debris from the hairline and scalp, while stimulating bonus hair growth.\n<br><br>\n\/****** Espa\u00f1ol ******\/\n<br><br>\nProducto ideal para quitarse la peluca de encaje pegada e hidratar el cuero cabelludo.<br>\nEl kit incluye:<br>\nPaso 1 - PULVERIZADOR DELICADO - Suelte suavemente el cord\u00f3n en 30-45 segundos.\n<br>\nPaso 2 - TOALLA PARA ELIMINAR ADHESIVO DE ENCAJE - Limpia todos los residuos de adhesivo y la suciedad de la l\u00ednea del cabello y el cuero cabelludo, mientras estimula el crecimiento adicional del cabello.<\/p>","protected":false},"excerpt":{"rendered":"<p>Produit id\u00e9al pour d\u00e9coller votre lace wig coll\u00e9e et hydrater le cuir chevelure. Le kit comprend: \u00c9tape 1 &#8211;\u00a0 PULV\u00c9RISATEUR D\u00c9LICAT &#8211; Rel\u00e2chez doucement le lacet en 30-45 secondes. \u00c9tape 2 &#8211; LACE ADHESIVE REMOVER WIPE &#8211; Essuie tous les r\u00e9sidus d&rsquo;adh\u00e9sif et les d\u00e9bris de la racine des cheveux et du cuir chevelu, tout &hellip;<\/p>\n<p class=\"read-more\"> <a class=\"\" href=\"https:\/\/www.americanvibeskribbean.com\/en\/product\/lace-remover-kit\/\"> <span class=\"screen-reader-text\">Lace remover kit<\/span> Read More &raquo;<\/a><\/p>","protected":false},"featured_media":4118,"template":"","meta":[],"product_cat":[34,70],"product_tag":[],"_links":{"self":[{"href":"https:\/\/www.americanvibeskribbean.com\/en\/wp-json\/wp\/v2\/product\/4117"}],"collection":[{"href":"https:\/\/www.americanvibeskribbean.com\/en\/wp-json\/wp\/v2\/product"}],"about":[{"href":"https:\/\/www.americanvibeskribbean.com\/en\/wp-json\/wp\/v2\/types\/product"}],"version-history":[{"count":3,"href":"https:\/\/www.americanvibeskribbean.com\/en\/wp-json\/wp\/v2\/product\/4117\/revisions"}],"predecessor-version":[{"id":6086,"href":"https:\/\/www.americanvibeskribbean.com\/en\/wp-json\/wp\/v2\/product\/4117\/revisions\/6086"}],"wp:featuredmedia":[{"embeddable":true,"href":"https:\/\/www.americanvibeskribbean.com\/en\/wp-json\/wp\/v2\/media\/4118"}],"wp:attachment":[{"href":"https:\/\/www.americanvibeskribbean.com\/en\/wp-json\/wp\/v2\/media?parent=4117"}],"wp:term":[{"taxonomy":"product_cat","embeddable":true,"href":"https:\/\/www.americanvibeskribbean.com\/en\/wp-json\/wp\/v2\/product_cat?post=4117"},{"taxonomy":"product_tag","embeddable":true,"href":"https:\/\/www.americanvibeskribbean.com\/en\/wp-json\/wp\/v2\/product_tag?post=4117"}],"curies":[{"name":"wp","href":"https:\/\/api.w.org\/{rel}","templated":true}]}}