{"id":5480,"date":"2020-09-02T09:05:14","date_gmt":"2020-09-02T13:05:14","guid":{"rendered":"https:\/\/www.americanvibeskribbean.com\/?post_type=product&#038;p=5480"},"modified":"2020-11-26T21:51:25","modified_gmt":"2020-11-27T01:51:25","slug":"faux-cils-3d-queen-box","status":"publish","type":"product","link":"https:\/\/www.americanvibeskribbean.com\/en\/product\/faux-cils-3d-queen-box\/","title":{"rendered":"False eyelashes 3D Queen box"},"content":{"rendered":"<p>Pair of silk false eyelashes in a Queen box, light, silky, soft, fine.<\/p>\n<p>Super fine density.<\/p>\n<p>With volume.<\/p>\n<p>R\u00e9utilisable max 25 fois<\/p>\n<p>15 mm. TS11<\/p>","protected":false},"excerpt":{"rendered":"<p>Paire de faux cil en soie boite queen, l\u00e9ger, soyeux, doux, fin. Densit\u00e9 super fine. Avec volume. R\u00e9utilisable max 25 fois 15 mm. TS11<\/p>","protected":false},"featured_media":6077,"template":"","meta":[],"product_cat":[135],"product_tag":[],"_links":{"self":[{"href":"https:\/\/www.americanvibeskribbean.com\/en\/wp-json\/wp\/v2\/product\/5480"}],"collection":[{"href":"https:\/\/www.americanvibeskribbean.com\/en\/wp-json\/wp\/v2\/product"}],"about":[{"href":"https:\/\/www.americanvibeskribbean.com\/en\/wp-json\/wp\/v2\/types\/product"}],"version-history":[{"count":9,"href":"https:\/\/www.americanvibeskribbean.com\/en\/wp-json\/wp\/v2\/product\/5480\/revisions"}],"predecessor-version":[{"id":6602,"href":"https:\/\/www.americanvibeskribbean.com\/en\/wp-json\/wp\/v2\/product\/5480\/revisions\/6602"}],"wp:featuredmedia":[{"embeddable":true,"href":"https:\/\/www.americanvibeskribbean.com\/en\/wp-json\/wp\/v2\/media\/6077"}],"wp:attachment":[{"href":"https:\/\/www.americanvibeskribbean.com\/en\/wp-json\/wp\/v2\/media?parent=5480"}],"wp:term":[{"taxonomy":"product_cat","embeddable":true,"href":"https:\/\/www.americanvibeskribbean.com\/en\/wp-json\/wp\/v2\/product_cat?post=5480"},{"taxonomy":"product_tag","embeddable":true,"href":"https:\/\/www.americanvibeskribbean.com\/en\/wp-json\/wp\/v2\/product_tag?post=5480"}],"curies":[{"name":"wp","href":"https:\/\/api.w.org\/{rel}","templated":true}]}}