{"id":5482,"date":"2020-09-02T09:10:39","date_gmt":"2020-09-02T13:10:39","guid":{"rendered":"https:\/\/www.americanvibeskribbean.com\/?post_type=product&#038;p=5482"},"modified":"2021-05-05T13:04:43","modified_gmt":"2021-05-05T17:04:43","slug":"faux-cils-3d-boite-classique-6","status":"publish","type":"product","link":"https:\/\/www.americanvibeskribbean.com\/en\/product\/faux-cils-3d-boite-classique-6\/","title":{"rendered":"False eyelashes 3D Classic box"},"content":{"rendered":"<p>Pair of silk false eyelashes, light, silky, soft.<\/p>\n<p>Fine density.<\/p>\n<p>Natural effect.<\/p>\n<p>Reusable min 5 times.<\/p>\n<p>15 mm.3d 36<\/p>","protected":false},"excerpt":{"rendered":"<p>Paire de faux cils en soie, l\u00e9ger, soyeux, doux. Densit\u00e9 fine. Effet naturel. R\u00e9utilisable min 5 fois. 15 mm.3d 36<\/p>","protected":false},"featured_media":5817,"template":"","meta":[],"product_cat":[135],"product_tag":[],"_links":{"self":[{"href":"https:\/\/www.americanvibeskribbean.com\/en\/wp-json\/wp\/v2\/product\/5482"}],"collection":[{"href":"https:\/\/www.americanvibeskribbean.com\/en\/wp-json\/wp\/v2\/product"}],"about":[{"href":"https:\/\/www.americanvibeskribbean.com\/en\/wp-json\/wp\/v2\/types\/product"}],"version-history":[{"count":10,"href":"https:\/\/www.americanvibeskribbean.com\/en\/wp-json\/wp\/v2\/product\/5482\/revisions"}],"predecessor-version":[{"id":8669,"href":"https:\/\/www.americanvibeskribbean.com\/en\/wp-json\/wp\/v2\/product\/5482\/revisions\/8669"}],"wp:featuredmedia":[{"embeddable":true,"href":"https:\/\/www.americanvibeskribbean.com\/en\/wp-json\/wp\/v2\/media\/5817"}],"wp:attachment":[{"href":"https:\/\/www.americanvibeskribbean.com\/en\/wp-json\/wp\/v2\/media?parent=5482"}],"wp:term":[{"taxonomy":"product_cat","embeddable":true,"href":"https:\/\/www.americanvibeskribbean.com\/en\/wp-json\/wp\/v2\/product_cat?post=5482"},{"taxonomy":"product_tag","embeddable":true,"href":"https:\/\/www.americanvibeskribbean.com\/en\/wp-json\/wp\/v2\/product_tag?post=5482"}],"curies":[{"name":"wp","href":"https:\/\/api.w.org\/{rel}","templated":true}]}}