{"id":5496,"date":"2020-09-02T09:30:16","date_gmt":"2020-09-02T13:30:16","guid":{"rendered":"https:\/\/www.americanvibeskribbean.com\/?post_type=product&#038;p=5496"},"modified":"2021-05-05T13:17:01","modified_gmt":"2021-05-05T17:17:01","slug":"faux-cils-3d-boite-classique","status":"publish","type":"product","link":"https:\/\/www.americanvibeskribbean.com\/en\/product\/faux-cils-3d-boite-classique\/","title":{"rendered":"False eyelashes 3D Classic box"},"content":{"rendered":"<p>Pair of lightweight, silky, soft silk false eyelashes.<\/p>\n<p>Fine density.<\/p>\n<p>Natural effect.<\/p>\n<p>Classic box.<\/p>\n<p>Reusable min 5 times.<\/p>\n<p>15_20 mm. 3d59<\/p>","protected":false},"excerpt":{"rendered":"<p>Paire de faux cil en soie l\u00e9ger, soyeux, doux. Densit\u00e9 fine. Effet naturel. Boite classique. R\u00e9utilisable min 5 fois. 15_20 mm. 3d59<\/p>","protected":false},"featured_media":5825,"template":"","meta":[],"product_cat":[135],"product_tag":[],"_links":{"self":[{"href":"https:\/\/www.americanvibeskribbean.com\/en\/wp-json\/wp\/v2\/product\/5496"}],"collection":[{"href":"https:\/\/www.americanvibeskribbean.com\/en\/wp-json\/wp\/v2\/product"}],"about":[{"href":"https:\/\/www.americanvibeskribbean.com\/en\/wp-json\/wp\/v2\/types\/product"}],"version-history":[{"count":8,"href":"https:\/\/www.americanvibeskribbean.com\/en\/wp-json\/wp\/v2\/product\/5496\/revisions"}],"predecessor-version":[{"id":8676,"href":"https:\/\/www.americanvibeskribbean.com\/en\/wp-json\/wp\/v2\/product\/5496\/revisions\/8676"}],"wp:featuredmedia":[{"embeddable":true,"href":"https:\/\/www.americanvibeskribbean.com\/en\/wp-json\/wp\/v2\/media\/5825"}],"wp:attachment":[{"href":"https:\/\/www.americanvibeskribbean.com\/en\/wp-json\/wp\/v2\/media?parent=5496"}],"wp:term":[{"taxonomy":"product_cat","embeddable":true,"href":"https:\/\/www.americanvibeskribbean.com\/en\/wp-json\/wp\/v2\/product_cat?post=5496"},{"taxonomy":"product_tag","embeddable":true,"href":"https:\/\/www.americanvibeskribbean.com\/en\/wp-json\/wp\/v2\/product_tag?post=5496"}],"curies":[{"name":"wp","href":"https:\/\/api.w.org\/{rel}","templated":true}]}}