{"id":5499,"date":"2020-09-02T09:37:51","date_gmt":"2020-09-02T13:37:51","guid":{"rendered":"https:\/\/www.americanvibeskribbean.com\/?post_type=product&#038;p=5499"},"modified":"2021-05-05T15:06:16","modified_gmt":"2021-05-05T19:06:16","slug":"faux-cils-3d-boite-classique-2","status":"publish","type":"product","link":"https:\/\/www.americanvibeskribbean.com\/en\/product\/faux-cils-3d-boite-classique-2\/","title":{"rendered":"False eyelashes 3D Classic box"},"content":{"rendered":"<p>Pair of lightweight, silky, soft silk false eyelashes.<\/p>\n<p>Classic box.<\/p>\n<p>Reusable min 5 times.<\/p>\n<p>fluffy lashes=faux cils effet friz\u00e9 \/crepu<\/p>\n<p>15mm. MK16<\/p>","protected":false},"excerpt":{"rendered":"<p>Paire de faux cil en soie l\u00e9ger, soyeux, doux. Boite classique. R\u00e9utilisable min 5 fois. fluffy lashes=faux cils effet friz\u00e9 \/crepu 15mm. MK16<\/p>","protected":false},"featured_media":6057,"template":"","meta":[],"product_cat":[135],"product_tag":[],"_links":{"self":[{"href":"https:\/\/www.americanvibeskribbean.com\/en\/wp-json\/wp\/v2\/product\/5499"}],"collection":[{"href":"https:\/\/www.americanvibeskribbean.com\/en\/wp-json\/wp\/v2\/product"}],"about":[{"href":"https:\/\/www.americanvibeskribbean.com\/en\/wp-json\/wp\/v2\/types\/product"}],"version-history":[{"count":9,"href":"https:\/\/www.americanvibeskribbean.com\/en\/wp-json\/wp\/v2\/product\/5499\/revisions"}],"predecessor-version":[{"id":8685,"href":"https:\/\/www.americanvibeskribbean.com\/en\/wp-json\/wp\/v2\/product\/5499\/revisions\/8685"}],"wp:featuredmedia":[{"embeddable":true,"href":"https:\/\/www.americanvibeskribbean.com\/en\/wp-json\/wp\/v2\/media\/6057"}],"wp:attachment":[{"href":"https:\/\/www.americanvibeskribbean.com\/en\/wp-json\/wp\/v2\/media?parent=5499"}],"wp:term":[{"taxonomy":"product_cat","embeddable":true,"href":"https:\/\/www.americanvibeskribbean.com\/en\/wp-json\/wp\/v2\/product_cat?post=5499"},{"taxonomy":"product_tag","embeddable":true,"href":"https:\/\/www.americanvibeskribbean.com\/en\/wp-json\/wp\/v2\/product_tag?post=5499"}],"curies":[{"name":"wp","href":"https:\/\/api.w.org\/{rel}","templated":true}]}}