{"id":5503,"date":"2020-09-02T09:42:59","date_gmt":"2020-09-02T13:42:59","guid":{"rendered":"https:\/\/www.americanvibeskribbean.com\/?post_type=product&#038;p=5503"},"modified":"2021-01-08T13:46:40","modified_gmt":"2021-01-08T17:46:40","slug":"faux-cils-5d-boite-classique","status":"publish","type":"product","link":"https:\/\/www.americanvibeskribbean.com\/en\/product\/faux-cils-5d-boite-classique\/","title":{"rendered":"False eyelashes 5d classic box"},"content":{"rendered":"<p>Pair of soft, light, silky luxury false eyelashes, thin between 20 and 30mm.<\/p>\n<p>Fine density.<\/p>\n<p>Natural effect in length.<\/p>\n<p>Reusable min 5 times.<\/p>\n<p>25 mm. ref: 5d41<\/p>","protected":false},"excerpt":{"rendered":"<p>Paire de faux cils de luxe doux,l\u00e9ger, soyeux, fin entre 20 et 30mm. Densit\u00e9 fine. Effet naturel en longueur. R\u00e9utilisable min 5 fois. 25 mm. ref: 5d41<\/p>","protected":false},"featured_media":5822,"template":"","meta":[],"product_cat":[135],"product_tag":[],"_links":{"self":[{"href":"https:\/\/www.americanvibeskribbean.com\/en\/wp-json\/wp\/v2\/product\/5503"}],"collection":[{"href":"https:\/\/www.americanvibeskribbean.com\/en\/wp-json\/wp\/v2\/product"}],"about":[{"href":"https:\/\/www.americanvibeskribbean.com\/en\/wp-json\/wp\/v2\/types\/product"}],"version-history":[{"count":6,"href":"https:\/\/www.americanvibeskribbean.com\/en\/wp-json\/wp\/v2\/product\/5503\/revisions"}],"predecessor-version":[{"id":7550,"href":"https:\/\/www.americanvibeskribbean.com\/en\/wp-json\/wp\/v2\/product\/5503\/revisions\/7550"}],"wp:featuredmedia":[{"embeddable":true,"href":"https:\/\/www.americanvibeskribbean.com\/en\/wp-json\/wp\/v2\/media\/5822"}],"wp:attachment":[{"href":"https:\/\/www.americanvibeskribbean.com\/en\/wp-json\/wp\/v2\/media?parent=5503"}],"wp:term":[{"taxonomy":"product_cat","embeddable":true,"href":"https:\/\/www.americanvibeskribbean.com\/en\/wp-json\/wp\/v2\/product_cat?post=5503"},{"taxonomy":"product_tag","embeddable":true,"href":"https:\/\/www.americanvibeskribbean.com\/en\/wp-json\/wp\/v2\/product_tag?post=5503"}],"curies":[{"name":"wp","href":"https:\/\/api.w.org\/{rel}","templated":true}]}}