{"id":5531,"date":"2020-09-02T10:21:32","date_gmt":"2020-09-02T14:21:32","guid":{"rendered":"https:\/\/www.americanvibeskribbean.com\/?post_type=product&#038;p=5531"},"modified":"2021-05-05T13:07:21","modified_gmt":"2021-05-05T17:07:21","slug":"faux-cils-3d-boite-classique-3","status":"publish","type":"product","link":"https:\/\/www.americanvibeskribbean.com\/en\/product\/faux-cils-3d-boite-classique-3\/","title":{"rendered":"False eyelashes 3D Classic box"},"content":{"rendered":"<p>Pair of silk false eyelashes in classic box, light, silky, soft.<\/p>\n<p>Doe eye effect.<\/p>\n<p>Reusable min 5 times.<\/p>\n<p>15 mm.3d09<\/p>","protected":false},"excerpt":{"rendered":"<p>Paire de faux cil en soie boite classique, l\u00e9ger, soyeux, doux. Effet \u0153il de biche. R\u00e9utilisable min 5 fois. 15 mm.3d09<\/p>","protected":false},"featured_media":6058,"template":"","meta":[],"product_cat":[135],"product_tag":[],"_links":{"self":[{"href":"https:\/\/www.americanvibeskribbean.com\/en\/wp-json\/wp\/v2\/product\/5531"}],"collection":[{"href":"https:\/\/www.americanvibeskribbean.com\/en\/wp-json\/wp\/v2\/product"}],"about":[{"href":"https:\/\/www.americanvibeskribbean.com\/en\/wp-json\/wp\/v2\/types\/product"}],"version-history":[{"count":4,"href":"https:\/\/www.americanvibeskribbean.com\/en\/wp-json\/wp\/v2\/product\/5531\/revisions"}],"predecessor-version":[{"id":8671,"href":"https:\/\/www.americanvibeskribbean.com\/en\/wp-json\/wp\/v2\/product\/5531\/revisions\/8671"}],"wp:featuredmedia":[{"embeddable":true,"href":"https:\/\/www.americanvibeskribbean.com\/en\/wp-json\/wp\/v2\/media\/6058"}],"wp:attachment":[{"href":"https:\/\/www.americanvibeskribbean.com\/en\/wp-json\/wp\/v2\/media?parent=5531"}],"wp:term":[{"taxonomy":"product_cat","embeddable":true,"href":"https:\/\/www.americanvibeskribbean.com\/en\/wp-json\/wp\/v2\/product_cat?post=5531"},{"taxonomy":"product_tag","embeddable":true,"href":"https:\/\/www.americanvibeskribbean.com\/en\/wp-json\/wp\/v2\/product_tag?post=5531"}],"curies":[{"name":"wp","href":"https:\/\/api.w.org\/{rel}","templated":true}]}}