{"id":5542,"date":"2020-09-02T10:25:57","date_gmt":"2020-09-02T14:25:57","guid":{"rendered":"https:\/\/www.americanvibeskribbean.com\/?post_type=product&#038;p=5542"},"modified":"2020-10-06T12:46:46","modified_gmt":"2020-10-06T16:46:46","slug":"faux-cils-3d-boite-classique-4","status":"publish","type":"product","link":"https:\/\/www.americanvibeskribbean.com\/en\/product\/faux-cils-3d-boite-classique-4\/","title":{"rendered":"False eyelashes 3D Classic box"},"content":{"rendered":"<p>Pair of silk false eyelashes in classic box, light, silky, soft.<\/p>\n<p>Fine density<\/p>\n<p>Lash to lash effect.<\/p>\n<p>Reusable min 5 times.<\/p>\n<p>15 mm. 3d37<\/p>","protected":false},"excerpt":{"rendered":"<p>Paire de faux cils en soie boite classique, l\u00e9ger, soyeux, doux. Densit\u00e9 fine Effet cils \u00e0 cils. R\u00e9utilisable min 5 fois. 15 mm. 3d37<\/p>","protected":false},"featured_media":6073,"template":"","meta":[],"product_cat":[135],"product_tag":[],"_links":{"self":[{"href":"https:\/\/www.americanvibeskribbean.com\/en\/wp-json\/wp\/v2\/product\/5542"}],"collection":[{"href":"https:\/\/www.americanvibeskribbean.com\/en\/wp-json\/wp\/v2\/product"}],"about":[{"href":"https:\/\/www.americanvibeskribbean.com\/en\/wp-json\/wp\/v2\/types\/product"}],"version-history":[{"count":5,"href":"https:\/\/www.americanvibeskribbean.com\/en\/wp-json\/wp\/v2\/product\/5542\/revisions"}],"predecessor-version":[{"id":6592,"href":"https:\/\/www.americanvibeskribbean.com\/en\/wp-json\/wp\/v2\/product\/5542\/revisions\/6592"}],"wp:featuredmedia":[{"embeddable":true,"href":"https:\/\/www.americanvibeskribbean.com\/en\/wp-json\/wp\/v2\/media\/6073"}],"wp:attachment":[{"href":"https:\/\/www.americanvibeskribbean.com\/en\/wp-json\/wp\/v2\/media?parent=5542"}],"wp:term":[{"taxonomy":"product_cat","embeddable":true,"href":"https:\/\/www.americanvibeskribbean.com\/en\/wp-json\/wp\/v2\/product_cat?post=5542"},{"taxonomy":"product_tag","embeddable":true,"href":"https:\/\/www.americanvibeskribbean.com\/en\/wp-json\/wp\/v2\/product_tag?post=5542"}],"curies":[{"name":"wp","href":"https:\/\/api.w.org\/{rel}","templated":true}]}}