{"id":5551,"date":"2020-09-02T10:30:23","date_gmt":"2020-09-02T14:30:23","guid":{"rendered":"https:\/\/www.americanvibeskribbean.com\/?post_type=product&#038;p=5551"},"modified":"2020-10-12T06:30:25","modified_gmt":"2020-10-12T10:30:25","slug":"faux-cils-3d-boite-classique-5","status":"publish","type":"product","link":"https:\/\/www.americanvibeskribbean.com\/en\/product\/faux-cils-3d-boite-classique-5\/","title":{"rendered":"False Eyelashes 3d Classic Box"},"content":{"rendered":"<p>Pair of silk false eyelashes in classic box, light, silky, soft.<\/p>\n<p>Fine density.<\/p>\n<p>Natural effect.<\/p>\n<p>Reusable min 5 times<\/p>\n<p>15 mm. 3d73<\/p>","protected":false},"excerpt":{"rendered":"<p>Paire de faux cil en soie boite classique, l\u00e9ger, soyeux, doux. Densit\u00e9 fine. Effet naturel. R\u00e9utilisable min 5 fois 15 mm. 3d73<\/p>","protected":false},"featured_media":5828,"template":"","meta":[],"product_cat":[135],"product_tag":[],"_links":{"self":[{"href":"https:\/\/www.americanvibeskribbean.com\/en\/wp-json\/wp\/v2\/product\/5551"}],"collection":[{"href":"https:\/\/www.americanvibeskribbean.com\/en\/wp-json\/wp\/v2\/product"}],"about":[{"href":"https:\/\/www.americanvibeskribbean.com\/en\/wp-json\/wp\/v2\/types\/product"}],"version-history":[{"count":6,"href":"https:\/\/www.americanvibeskribbean.com\/en\/wp-json\/wp\/v2\/product\/5551\/revisions"}],"predecessor-version":[{"id":6597,"href":"https:\/\/www.americanvibeskribbean.com\/en\/wp-json\/wp\/v2\/product\/5551\/revisions\/6597"}],"wp:featuredmedia":[{"embeddable":true,"href":"https:\/\/www.americanvibeskribbean.com\/en\/wp-json\/wp\/v2\/media\/5828"}],"wp:attachment":[{"href":"https:\/\/www.americanvibeskribbean.com\/en\/wp-json\/wp\/v2\/media?parent=5551"}],"wp:term":[{"taxonomy":"product_cat","embeddable":true,"href":"https:\/\/www.americanvibeskribbean.com\/en\/wp-json\/wp\/v2\/product_cat?post=5551"},{"taxonomy":"product_tag","embeddable":true,"href":"https:\/\/www.americanvibeskribbean.com\/en\/wp-json\/wp\/v2\/product_tag?post=5551"}],"curies":[{"name":"wp","href":"https:\/\/api.w.org\/{rel}","templated":true}]}}