{"id":5562,"date":"2020-09-02T10:38:46","date_gmt":"2020-09-02T14:38:46","guid":{"rendered":"https:\/\/www.americanvibeskribbean.com\/?post_type=product&#038;p=5562"},"modified":"2021-05-05T13:21:12","modified_gmt":"2021-05-05T17:21:12","slug":"faux-cils-3d-boite-classique-7","status":"publish","type":"product","link":"https:\/\/www.americanvibeskribbean.com\/en\/product\/faux-cils-3d-boite-classique-7\/","title":{"rendered":"False eyelashes 3D Classic box"},"content":{"rendered":"<p>Pair of silk false eyelashes in classic box, light, silky, soft.<\/p>\n<p>Fine density.<\/p>\n<p>Volume effect.<\/p>\n<p>Reusable min 5 times<\/p>\n<p>15 mm 3d36<\/p>","protected":false},"excerpt":{"rendered":"<p>Paire de faux cils en soie boite classique, l\u00e9ger, soyeux, doux. Densit\u00e9 fine. Effet volume. R\u00e9utilisable min 5 fois 15 mm 3d36<\/p>","protected":false},"featured_media":6070,"template":"","meta":[],"product_cat":[135],"product_tag":[],"_links":{"self":[{"href":"https:\/\/www.americanvibeskribbean.com\/en\/wp-json\/wp\/v2\/product\/5562"}],"collection":[{"href":"https:\/\/www.americanvibeskribbean.com\/en\/wp-json\/wp\/v2\/product"}],"about":[{"href":"https:\/\/www.americanvibeskribbean.com\/en\/wp-json\/wp\/v2\/types\/product"}],"version-history":[{"count":5,"href":"https:\/\/www.americanvibeskribbean.com\/en\/wp-json\/wp\/v2\/product\/5562\/revisions"}],"predecessor-version":[{"id":8677,"href":"https:\/\/www.americanvibeskribbean.com\/en\/wp-json\/wp\/v2\/product\/5562\/revisions\/8677"}],"wp:featuredmedia":[{"embeddable":true,"href":"https:\/\/www.americanvibeskribbean.com\/en\/wp-json\/wp\/v2\/media\/6070"}],"wp:attachment":[{"href":"https:\/\/www.americanvibeskribbean.com\/en\/wp-json\/wp\/v2\/media?parent=5562"}],"wp:term":[{"taxonomy":"product_cat","embeddable":true,"href":"https:\/\/www.americanvibeskribbean.com\/en\/wp-json\/wp\/v2\/product_cat?post=5562"},{"taxonomy":"product_tag","embeddable":true,"href":"https:\/\/www.americanvibeskribbean.com\/en\/wp-json\/wp\/v2\/product_tag?post=5562"}],"curies":[{"name":"wp","href":"https:\/\/api.w.org\/{rel}","templated":true}]}}