{"id":5568,"date":"2020-09-02T10:44:20","date_gmt":"2020-09-02T14:44:20","guid":{"rendered":"https:\/\/www.americanvibeskribbean.com\/?post_type=product&#038;p=5568"},"modified":"2020-10-12T06:32:08","modified_gmt":"2020-10-12T10:32:08","slug":"faux-cils-3d-queen-box-2","status":"publish","type":"product","link":"https:\/\/www.americanvibeskribbean.com\/en\/product\/faux-cils-3d-queen-box-2\/","title":{"rendered":"False eyelashes 3D Queen box"},"content":{"rendered":"<p>Pair of silk false eyelashes in Queen box, light, silky, soft, premium quality.<\/p>\n<p>Super fine density.<\/p>\n<p>Doe eye effect in volume.<\/p>\n<p>R\u00e9utilisable max 25 fois.<\/p>\n<p>10 mm. LX65<\/p>","protected":false},"excerpt":{"rendered":"<p>Paire de faux cils en soie Queen box, l\u00e9ger, soyeux, doux, de qualit\u00e9 sup\u00e9rieure. Densit\u00e9 super fine. Effet \u0153il de biche en volume. R\u00e9utilisable max 25 fois. 10 mm. LX65<\/p>","protected":false},"featured_media":5570,"template":"","meta":[],"product_cat":[135],"product_tag":[],"_links":{"self":[{"href":"https:\/\/www.americanvibeskribbean.com\/en\/wp-json\/wp\/v2\/product\/5568"}],"collection":[{"href":"https:\/\/www.americanvibeskribbean.com\/en\/wp-json\/wp\/v2\/product"}],"about":[{"href":"https:\/\/www.americanvibeskribbean.com\/en\/wp-json\/wp\/v2\/types\/product"}],"version-history":[{"count":6,"href":"https:\/\/www.americanvibeskribbean.com\/en\/wp-json\/wp\/v2\/product\/5568\/revisions"}],"predecessor-version":[{"id":6598,"href":"https:\/\/www.americanvibeskribbean.com\/en\/wp-json\/wp\/v2\/product\/5568\/revisions\/6598"}],"wp:featuredmedia":[{"embeddable":true,"href":"https:\/\/www.americanvibeskribbean.com\/en\/wp-json\/wp\/v2\/media\/5570"}],"wp:attachment":[{"href":"https:\/\/www.americanvibeskribbean.com\/en\/wp-json\/wp\/v2\/media?parent=5568"}],"wp:term":[{"taxonomy":"product_cat","embeddable":true,"href":"https:\/\/www.americanvibeskribbean.com\/en\/wp-json\/wp\/v2\/product_cat?post=5568"},{"taxonomy":"product_tag","embeddable":true,"href":"https:\/\/www.americanvibeskribbean.com\/en\/wp-json\/wp\/v2\/product_tag?post=5568"}],"curies":[{"name":"wp","href":"https:\/\/api.w.org\/{rel}","templated":true}]}}