{"id":5578,"date":"2020-09-02T10:56:04","date_gmt":"2020-09-02T14:56:04","guid":{"rendered":"https:\/\/www.americanvibeskribbean.com\/?post_type=product&#038;p=5578"},"modified":"2020-11-08T13:55:52","modified_gmt":"2020-11-08T17:55:52","slug":"faux-cils-3d-candy-box-2","status":"publish","type":"product","link":"https:\/\/www.americanvibeskribbean.com\/en\/product\/faux-cils-3d-candy-box-2\/","title":{"rendered":"False eyelashes 3d Candy box"},"content":{"rendered":"<p style=\"text-align: left;\">Pair of silk false eyelashes in a candy box, light, silky, soft, fine.<\/p>\n<p>Super fine density.<\/p>\n<p>Effet volume<\/p>\n<p>R\u00e9utilisable.max.25 fois TS 11<\/p>\n<p>15 mm.<\/p>","protected":false},"excerpt":{"rendered":"<p>Paire de faux cils en soie boite candy, l\u00e9ger, soyeux, doux, fin. Densit\u00e9 super fine. Effet volume R\u00e9utilisable.max.25 fois TS 11 15 mm.<\/p>","protected":false},"featured_media":6752,"template":"","meta":[],"product_cat":[135],"product_tag":[],"_links":{"self":[{"href":"https:\/\/www.americanvibeskribbean.com\/en\/wp-json\/wp\/v2\/product\/5578"}],"collection":[{"href":"https:\/\/www.americanvibeskribbean.com\/en\/wp-json\/wp\/v2\/product"}],"about":[{"href":"https:\/\/www.americanvibeskribbean.com\/en\/wp-json\/wp\/v2\/types\/product"}],"version-history":[{"count":10,"href":"https:\/\/www.americanvibeskribbean.com\/en\/wp-json\/wp\/v2\/product\/5578\/revisions"}],"predecessor-version":[{"id":6753,"href":"https:\/\/www.americanvibeskribbean.com\/en\/wp-json\/wp\/v2\/product\/5578\/revisions\/6753"}],"wp:featuredmedia":[{"embeddable":true,"href":"https:\/\/www.americanvibeskribbean.com\/en\/wp-json\/wp\/v2\/media\/6752"}],"wp:attachment":[{"href":"https:\/\/www.americanvibeskribbean.com\/en\/wp-json\/wp\/v2\/media?parent=5578"}],"wp:term":[{"taxonomy":"product_cat","embeddable":true,"href":"https:\/\/www.americanvibeskribbean.com\/en\/wp-json\/wp\/v2\/product_cat?post=5578"},{"taxonomy":"product_tag","embeddable":true,"href":"https:\/\/www.americanvibeskribbean.com\/en\/wp-json\/wp\/v2\/product_tag?post=5578"}],"curies":[{"name":"wp","href":"https:\/\/api.w.org\/{rel}","templated":true}]}}