{"id":5581,"date":"2020-09-02T11:00:23","date_gmt":"2020-09-02T15:00:23","guid":{"rendered":"https:\/\/www.americanvibeskribbean.com\/?post_type=product&#038;p=5581"},"modified":"2020-11-08T13:40:53","modified_gmt":"2020-11-08T17:40:53","slug":"faux-cils-3d-candy-box-3","status":"publish","type":"product","link":"https:\/\/www.americanvibeskribbean.com\/en\/product\/faux-cils-3d-candy-box-3\/","title":{"rendered":"False eyelashes 3d Candy box"},"content":{"rendered":"<p>Pair of silk false eyelashes in a candy box, light, silky, soft, fine.<\/p>\n<p>effets cils \u00e0 cils en volume<\/p>\n<p>R\u00e9utilisable max 25 fois<\/p>\n<p>15 mm_LX 13<\/p>","protected":false},"excerpt":{"rendered":"<p>Paire de faux cils en soie boite candy, l\u00e9ger, soyeux, doux, fin. effets cils \u00e0 cils en volume R\u00e9utilisable max 25 fois 15 mm_LX 13<\/p>","protected":false},"featured_media":6065,"template":"","meta":[],"product_cat":[135],"product_tag":[],"_links":{"self":[{"href":"https:\/\/www.americanvibeskribbean.com\/en\/wp-json\/wp\/v2\/product\/5581"}],"collection":[{"href":"https:\/\/www.americanvibeskribbean.com\/en\/wp-json\/wp\/v2\/product"}],"about":[{"href":"https:\/\/www.americanvibeskribbean.com\/en\/wp-json\/wp\/v2\/types\/product"}],"version-history":[{"count":3,"href":"https:\/\/www.americanvibeskribbean.com\/en\/wp-json\/wp\/v2\/product\/5581\/revisions"}],"predecessor-version":[{"id":6747,"href":"https:\/\/www.americanvibeskribbean.com\/en\/wp-json\/wp\/v2\/product\/5581\/revisions\/6747"}],"wp:featuredmedia":[{"embeddable":true,"href":"https:\/\/www.americanvibeskribbean.com\/en\/wp-json\/wp\/v2\/media\/6065"}],"wp:attachment":[{"href":"https:\/\/www.americanvibeskribbean.com\/en\/wp-json\/wp\/v2\/media?parent=5581"}],"wp:term":[{"taxonomy":"product_cat","embeddable":true,"href":"https:\/\/www.americanvibeskribbean.com\/en\/wp-json\/wp\/v2\/product_cat?post=5581"},{"taxonomy":"product_tag","embeddable":true,"href":"https:\/\/www.americanvibeskribbean.com\/en\/wp-json\/wp\/v2\/product_tag?post=5581"}],"curies":[{"name":"wp","href":"https:\/\/api.w.org\/{rel}","templated":true}]}}