{"id":5927,"date":"2020-09-03T15:25:47","date_gmt":"2020-09-03T19:25:47","guid":{"rendered":"https:\/\/www.americanvibeskribbean.com\/?post_type=product&#038;p=5927"},"modified":"2021-12-12T17:57:04","modified_gmt":"2021-12-12T21:57:04","slug":"full-laces-wig-hd-vietnamiennes-et-cambodgiennes-curly-hd","status":"publish","type":"product","link":"https:\/\/www.americanvibeskribbean.com\/en\/product\/full-laces-wig-hd-vietnamiennes-et-cambodgiennes-curly-hd\/","title":{"rendered":"Lacewig  RAW deep wave HD cambodgiennes"},"content":{"rendered":"<blockquote>\n<p style=\"text-align: left;\">Lace wig de m\u00e8ches pure 100% RAW .<\/p>\n<\/blockquote>\n<p>Length: 16 to 30 inches<br \/>\nDensit\u00e9 : 130%, 150%,<\/p>","protected":false},"excerpt":{"rendered":"<p>Lace wig de m\u00e8ches pure 100% RAW . Longueur : 16 \u00e0 30 pouces Densit\u00e9 : 130%, 150%,<\/p>","protected":false},"featured_media":7087,"template":"","meta":[],"product_cat":[32,55,130],"product_tag":[],"_links":{"self":[{"href":"https:\/\/www.americanvibeskribbean.com\/en\/wp-json\/wp\/v2\/product\/5927"}],"collection":[{"href":"https:\/\/www.americanvibeskribbean.com\/en\/wp-json\/wp\/v2\/product"}],"about":[{"href":"https:\/\/www.americanvibeskribbean.com\/en\/wp-json\/wp\/v2\/types\/product"}],"version-history":[{"count":9,"href":"https:\/\/www.americanvibeskribbean.com\/en\/wp-json\/wp\/v2\/product\/5927\/revisions"}],"predecessor-version":[{"id":9282,"href":"https:\/\/www.americanvibeskribbean.com\/en\/wp-json\/wp\/v2\/product\/5927\/revisions\/9282"}],"wp:featuredmedia":[{"embeddable":true,"href":"https:\/\/www.americanvibeskribbean.com\/en\/wp-json\/wp\/v2\/media\/7087"}],"wp:attachment":[{"href":"https:\/\/www.americanvibeskribbean.com\/en\/wp-json\/wp\/v2\/media?parent=5927"}],"wp:term":[{"taxonomy":"product_cat","embeddable":true,"href":"https:\/\/www.americanvibeskribbean.com\/en\/wp-json\/wp\/v2\/product_cat?post=5927"},{"taxonomy":"product_tag","embeddable":true,"href":"https:\/\/www.americanvibeskribbean.com\/en\/wp-json\/wp\/v2\/product_tag?post=5927"}],"curies":[{"name":"wp","href":"https:\/\/api.w.org\/{rel}","templated":true}]}}