{"id":6553,"date":"2020-11-08T12:30:12","date_gmt":"2020-11-08T16:30:12","guid":{"rendered":"https:\/\/www.americanvibeskribbean.com\/?post_type=product&#038;p=6553"},"modified":"2022-03-30T13:14:27","modified_gmt":"2022-03-30T17:14:27","slug":"lace-wig-braid","status":"publish","type":"product","link":"https:\/\/www.americanvibeskribbean.com\/en\/product\/lace-wig-braid\/","title":{"rendered":"FULL Lace wig braids (nattes fines)"},"content":{"rendered":"<p style=\"text-align: left;\">Lacewigs tr\u00e9ss\u00e9es fa\u00eetes \u00e0 base de m\u00e8ches virgin human\u00a0 hair<\/p>\n<p>Baby hair int\u00e9gr\u00e9s, dentelle transparente HD<\/p>\n<p>De 16 \u00e0 30 pouces, densit\u00e9 full, longueur 26 pouce standard<\/p>\n<p>&nbsp;<\/p>","protected":false},"excerpt":{"rendered":"<blockquote><p>&nbsp;<\/p><\/blockquote>","protected":false},"featured_media":6542,"template":"","meta":[],"product_cat":[64,40,62],"product_tag":[],"_links":{"self":[{"href":"https:\/\/www.americanvibeskribbean.com\/en\/wp-json\/wp\/v2\/product\/6553"}],"collection":[{"href":"https:\/\/www.americanvibeskribbean.com\/en\/wp-json\/wp\/v2\/product"}],"about":[{"href":"https:\/\/www.americanvibeskribbean.com\/en\/wp-json\/wp\/v2\/types\/product"}],"version-history":[{"count":8,"href":"https:\/\/www.americanvibeskribbean.com\/en\/wp-json\/wp\/v2\/product\/6553\/revisions"}],"predecessor-version":[{"id":6684,"href":"https:\/\/www.americanvibeskribbean.com\/en\/wp-json\/wp\/v2\/product\/6553\/revisions\/6684"}],"wp:featuredmedia":[{"embeddable":true,"href":"https:\/\/www.americanvibeskribbean.com\/en\/wp-json\/wp\/v2\/media\/6542"}],"wp:attachment":[{"href":"https:\/\/www.americanvibeskribbean.com\/en\/wp-json\/wp\/v2\/media?parent=6553"}],"wp:term":[{"taxonomy":"product_cat","embeddable":true,"href":"https:\/\/www.americanvibeskribbean.com\/en\/wp-json\/wp\/v2\/product_cat?post=6553"},{"taxonomy":"product_tag","embeddable":true,"href":"https:\/\/www.americanvibeskribbean.com\/en\/wp-json\/wp\/v2\/product_tag?post=6553"}],"curies":[{"name":"wp","href":"https:\/\/api.w.org\/{rel}","templated":true}]}}