{"id":7039,"date":"2020-11-18T12:53:38","date_gmt":"2020-11-18T16:53:38","guid":{"rendered":"https:\/\/www.americanvibeskribbean.com\/?post_type=product&#038;p=7039"},"modified":"2022-07-08T10:56:51","modified_gmt":"2022-07-08T14:56:51","slug":"lacewig-bob-butterfly-locs","status":"publish","type":"product","link":"https:\/\/www.americanvibeskribbean.com\/en\/product\/lacewig-bob-butterfly-locs\/","title":{"rendered":"FULL Lacewig bob butterfly locs"},"content":{"rendered":"<blockquote><p>Lacewig fausse locs nouvelles tendances densit\u00e9 full, dentelle transparente avec baby hairs int\u00e9gr\u00e9s.<\/p><\/blockquote>\n<p>12_14 pouces<\/p>\n<p>Confection main<\/p>","protected":false},"excerpt":{"rendered":"<p>Lacewig fausse locs nouvelles tendances densit\u00e9 full, dentelle transparente avec baby hairs int\u00e9gr\u00e9s. 12_14 pouces Confection main<\/p>","protected":false},"featured_media":9483,"template":"","meta":[],"product_cat":[45,64,40],"product_tag":[],"_links":{"self":[{"href":"https:\/\/www.americanvibeskribbean.com\/en\/wp-json\/wp\/v2\/product\/7039"}],"collection":[{"href":"https:\/\/www.americanvibeskribbean.com\/en\/wp-json\/wp\/v2\/product"}],"about":[{"href":"https:\/\/www.americanvibeskribbean.com\/en\/wp-json\/wp\/v2\/types\/product"}],"version-history":[{"count":6,"href":"https:\/\/www.americanvibeskribbean.com\/en\/wp-json\/wp\/v2\/product\/7039\/revisions"}],"predecessor-version":[{"id":9486,"href":"https:\/\/www.americanvibeskribbean.com\/en\/wp-json\/wp\/v2\/product\/7039\/revisions\/9486"}],"wp:featuredmedia":[{"embeddable":true,"href":"https:\/\/www.americanvibeskribbean.com\/en\/wp-json\/wp\/v2\/media\/9483"}],"wp:attachment":[{"href":"https:\/\/www.americanvibeskribbean.com\/en\/wp-json\/wp\/v2\/media?parent=7039"}],"wp:term":[{"taxonomy":"product_cat","embeddable":true,"href":"https:\/\/www.americanvibeskribbean.com\/en\/wp-json\/wp\/v2\/product_cat?post=7039"},{"taxonomy":"product_tag","embeddable":true,"href":"https:\/\/www.americanvibeskribbean.com\/en\/wp-json\/wp\/v2\/product_tag?post=7039"}],"curies":[{"name":"wp","href":"https:\/\/api.w.org\/{rel}","templated":true}]}}