{"id":7092,"date":"2020-11-19T10:00:53","date_gmt":"2020-11-19T14:00:53","guid":{"rendered":"https:\/\/www.americanvibeskribbean.com\/?post_type=product&#038;p=7092"},"modified":"2021-12-06T11:40:27","modified_gmt":"2021-12-06T15:40:27","slug":"full-lacewig-body-wave-hd","status":"publish","type":"product","link":"https:\/\/www.americanvibeskribbean.com\/en\/product\/full-lacewig-body-wave-hd\/","title":{"rendered":"Lacewig loose wave HD"},"content":{"rendered":"<p>Lace wig\u00a0 de m\u00e8ches pure 100% RAW de donneur d\u2019origine vietnamiennes ou cambodgienne<\/p>\n<p>Dentelle transparente HD, customis\u00e9es<\/p>\n<p>Length: 16 to 30 inches<br \/>\nDensit\u00e9 : 180%<\/p>\n<p>&nbsp;<\/p>","protected":false},"excerpt":{"rendered":"<p>Lace wig\u00a0 de m\u00e8ches pure 100% RAW de donneur d\u2019origine vietnamiennes ou cambodgienne Dentelle transparente HD, customis\u00e9es Longueur : 16 \u00e0 30 pouces Densit\u00e9 : 180% &nbsp;<\/p>","protected":false},"featured_media":7096,"template":"","meta":[],"product_cat":[130,42],"product_tag":[],"_links":{"self":[{"href":"https:\/\/www.americanvibeskribbean.com\/en\/wp-json\/wp\/v2\/product\/7092"}],"collection":[{"href":"https:\/\/www.americanvibeskribbean.com\/en\/wp-json\/wp\/v2\/product"}],"about":[{"href":"https:\/\/www.americanvibeskribbean.com\/en\/wp-json\/wp\/v2\/types\/product"}],"version-history":[{"count":5,"href":"https:\/\/www.americanvibeskribbean.com\/en\/wp-json\/wp\/v2\/product\/7092\/revisions"}],"predecessor-version":[{"id":9239,"href":"https:\/\/www.americanvibeskribbean.com\/en\/wp-json\/wp\/v2\/product\/7092\/revisions\/9239"}],"wp:featuredmedia":[{"embeddable":true,"href":"https:\/\/www.americanvibeskribbean.com\/en\/wp-json\/wp\/v2\/media\/7096"}],"wp:attachment":[{"href":"https:\/\/www.americanvibeskribbean.com\/en\/wp-json\/wp\/v2\/media?parent=7092"}],"wp:term":[{"taxonomy":"product_cat","embeddable":true,"href":"https:\/\/www.americanvibeskribbean.com\/en\/wp-json\/wp\/v2\/product_cat?post=7092"},{"taxonomy":"product_tag","embeddable":true,"href":"https:\/\/www.americanvibeskribbean.com\/en\/wp-json\/wp\/v2\/product_tag?post=7092"}],"curies":[{"name":"wp","href":"https:\/\/api.w.org\/{rel}","templated":true}]}}