{"id":7099,"date":"2020-11-19T10:19:20","date_gmt":"2020-11-19T14:19:20","guid":{"rendered":"https:\/\/www.americanvibeskribbean.com\/?post_type=product&#038;p=7099"},"modified":"2021-12-12T17:56:20","modified_gmt":"2021-12-12T21:56:20","slug":"full-lace-wig-deep-curly-hd","status":"publish","type":"product","link":"https:\/\/www.americanvibeskribbean.com\/en\/product\/full-lace-wig-deep-curly-hd\/","title":{"rendered":"Lace wig deep curly HD"},"content":{"rendered":"<p style=\"text-align: left;\">Lace wig\u00a0 deep curl de m\u00e8ches pure 100% RAW de donneur d\u2019origine \u00a0cambodgienne.<\/p>\n<p>Couleur noir intense , soyeux , boucl\u00e9<\/p>\n<p>Length: 16 to 30 inches<br \/>\nDensit\u00e9 :\u00a0 180%<\/p>\n<p>&nbsp;<\/p>","protected":false},"excerpt":{"rendered":"<p>Lace wig\u00a0 deep curl de m\u00e8ches pure 100% RAW de donneur d\u2019origine \u00a0cambodgienne. Couleur noir intense , soyeux , boucl\u00e9 Longueur : 16 \u00e0 30 pouces Densit\u00e9 :\u00a0 180% &nbsp;<\/p>","protected":false},"featured_media":7100,"template":"","meta":[],"product_cat":[130],"product_tag":[],"_links":{"self":[{"href":"https:\/\/www.americanvibeskribbean.com\/en\/wp-json\/wp\/v2\/product\/7099"}],"collection":[{"href":"https:\/\/www.americanvibeskribbean.com\/en\/wp-json\/wp\/v2\/product"}],"about":[{"href":"https:\/\/www.americanvibeskribbean.com\/en\/wp-json\/wp\/v2\/types\/product"}],"version-history":[{"count":6,"href":"https:\/\/www.americanvibeskribbean.com\/en\/wp-json\/wp\/v2\/product\/7099\/revisions"}],"predecessor-version":[{"id":9280,"href":"https:\/\/www.americanvibeskribbean.com\/en\/wp-json\/wp\/v2\/product\/7099\/revisions\/9280"}],"wp:featuredmedia":[{"embeddable":true,"href":"https:\/\/www.americanvibeskribbean.com\/en\/wp-json\/wp\/v2\/media\/7100"}],"wp:attachment":[{"href":"https:\/\/www.americanvibeskribbean.com\/en\/wp-json\/wp\/v2\/media?parent=7099"}],"wp:term":[{"taxonomy":"product_cat","embeddable":true,"href":"https:\/\/www.americanvibeskribbean.com\/en\/wp-json\/wp\/v2\/product_cat?post=7099"},{"taxonomy":"product_tag","embeddable":true,"href":"https:\/\/www.americanvibeskribbean.com\/en\/wp-json\/wp\/v2\/product_tag?post=7099"}],"curies":[{"name":"wp","href":"https:\/\/api.w.org\/{rel}","templated":true}]}}