{"id":7212,"date":"2020-11-24T21:54:26","date_gmt":"2020-11-25T01:54:26","guid":{"rendered":"https:\/\/www.americanvibeskribbean.com\/?post_type=product&#038;p=7212"},"modified":"2021-04-18T19:33:40","modified_gmt":"2021-04-18T23:33:40","slug":"lacewig-tight-kinky-curly","status":"publish","type":"product","link":"https:\/\/www.americanvibeskribbean.com\/en\/product\/lacewig-tight-kinky-curly\/","title":{"rendered":"Lacewig kinky wave"},"content":{"rendered":"<p>Lacewig k de m\u00e8ches indiennes 10 au grade A TIGHT KINKY CURL, id\u00e9al \u00e0 porter au quotidien.<br \/>\n12 \u00e0 30 pouces, densit\u00e9 de 150% \u00e0 180%.<br \/>\nLace front, full, 360.<\/p>","protected":false},"excerpt":{"rendered":"<p>Lacewig k de m\u00e8ches indiennes 10 au grade A TIGHT KINKY CURL, id\u00e9al \u00e0 porter au quotidien. 12 \u00e0 30 pouces, densit\u00e9 de 150% \u00e0 180%. Lace front, full, 360.<\/p>","protected":false},"featured_media":6308,"template":"","meta":[],"product_cat":[32,42,50],"product_tag":[],"_links":{"self":[{"href":"https:\/\/www.americanvibeskribbean.com\/en\/wp-json\/wp\/v2\/product\/7212"}],"collection":[{"href":"https:\/\/www.americanvibeskribbean.com\/en\/wp-json\/wp\/v2\/product"}],"about":[{"href":"https:\/\/www.americanvibeskribbean.com\/en\/wp-json\/wp\/v2\/types\/product"}],"version-history":[{"count":3,"href":"https:\/\/www.americanvibeskribbean.com\/en\/wp-json\/wp\/v2\/product\/7212\/revisions"}],"predecessor-version":[{"id":8665,"href":"https:\/\/www.americanvibeskribbean.com\/en\/wp-json\/wp\/v2\/product\/7212\/revisions\/8665"}],"wp:featuredmedia":[{"embeddable":true,"href":"https:\/\/www.americanvibeskribbean.com\/en\/wp-json\/wp\/v2\/media\/6308"}],"wp:attachment":[{"href":"https:\/\/www.americanvibeskribbean.com\/en\/wp-json\/wp\/v2\/media?parent=7212"}],"wp:term":[{"taxonomy":"product_cat","embeddable":true,"href":"https:\/\/www.americanvibeskribbean.com\/en\/wp-json\/wp\/v2\/product_cat?post=7212"},{"taxonomy":"product_tag","embeddable":true,"href":"https:\/\/www.americanvibeskribbean.com\/en\/wp-json\/wp\/v2\/product_tag?post=7212"}],"curies":[{"name":"wp","href":"https:\/\/api.w.org\/{rel}","templated":true}]}}