{"id":7254,"date":"2020-12-02T13:25:43","date_gmt":"2020-12-02T17:25:43","guid":{"rendered":"https:\/\/www.americanvibeskribbean.com\/?post_type=product&#038;p=7254"},"modified":"2020-12-03T11:09:42","modified_gmt":"2020-12-03T15:09:42","slug":"packaging-hairdressing","status":"publish","type":"product","link":"https:\/\/www.americanvibeskribbean.com\/en\/product\/packaging-hairdressing\/","title":{"rendered":"Packaging hairdressing"},"content":{"rendered":"<p style=\"text-align: left;\">Packaging compos\u00e9 :<\/p>\n<p>d&rsquo;une brosse d\u00e9m\u00ealante pour les laces curly et cheveux naturels qui emp\u00eachent les enchev\u00eatrements (disponibles en plusieurs coloris)<\/p>\n<p>Peigne magique sp\u00e9cial volume pour les laces aux densit\u00e9s 180% 200% qui facilitent les coiffures et effets souhait\u00e9s<\/p>\n<p>Brumisateurs PETIT FORMAT special lacewigs pour vos laces curly<\/p>\n<p>Baby hair brosse offerte<\/p>","protected":false},"excerpt":{"rendered":"<blockquote><p>&nbsp;<\/p><\/blockquote>","protected":false},"featured_media":7264,"template":"","meta":[],"product_cat":[34,37],"product_tag":[],"_links":{"self":[{"href":"https:\/\/www.americanvibeskribbean.com\/en\/wp-json\/wp\/v2\/product\/7254"}],"collection":[{"href":"https:\/\/www.americanvibeskribbean.com\/en\/wp-json\/wp\/v2\/product"}],"about":[{"href":"https:\/\/www.americanvibeskribbean.com\/en\/wp-json\/wp\/v2\/types\/product"}],"version-history":[{"count":4,"href":"https:\/\/www.americanvibeskribbean.com\/en\/wp-json\/wp\/v2\/product\/7254\/revisions"}],"predecessor-version":[{"id":7267,"href":"https:\/\/www.americanvibeskribbean.com\/en\/wp-json\/wp\/v2\/product\/7254\/revisions\/7267"}],"wp:featuredmedia":[{"embeddable":true,"href":"https:\/\/www.americanvibeskribbean.com\/en\/wp-json\/wp\/v2\/media\/7264"}],"wp:attachment":[{"href":"https:\/\/www.americanvibeskribbean.com\/en\/wp-json\/wp\/v2\/media?parent=7254"}],"wp:term":[{"taxonomy":"product_cat","embeddable":true,"href":"https:\/\/www.americanvibeskribbean.com\/en\/wp-json\/wp\/v2\/product_cat?post=7254"},{"taxonomy":"product_tag","embeddable":true,"href":"https:\/\/www.americanvibeskribbean.com\/en\/wp-json\/wp\/v2\/product_tag?post=7254"}],"curies":[{"name":"wp","href":"https:\/\/api.w.org\/{rel}","templated":true}]}}