{"id":7443,"date":"2020-12-28T09:41:32","date_gmt":"2020-12-28T13:41:32","guid":{"rendered":"https:\/\/www.americanvibeskribbean.com\/?post_type=product&#038;p=7443"},"modified":"2021-04-21T10:30:07","modified_gmt":"2021-04-21T14:30:07","slug":"headband_-serres-tete-fantaisie","status":"publish","type":"product","link":"https:\/\/www.americanvibeskribbean.com\/en\/product\/headband_-serres-tete-fantaisie\/","title":{"rendered":"Headband_ serres t\u00eate fantaisie"},"content":{"rendered":"<p>Serres t\u00eate fantaisie s\u00e9rie Limit\u00e9<\/p>","protected":false},"excerpt":{"rendered":"<p>Serres t\u00eate fantaisie s\u00e9rie Limit\u00e9<\/p>","protected":false},"featured_media":7444,"template":"","meta":[],"product_cat":[34,39,37],"product_tag":[],"_links":{"self":[{"href":"https:\/\/www.americanvibeskribbean.com\/en\/wp-json\/wp\/v2\/product\/7443"}],"collection":[{"href":"https:\/\/www.americanvibeskribbean.com\/en\/wp-json\/wp\/v2\/product"}],"about":[{"href":"https:\/\/www.americanvibeskribbean.com\/en\/wp-json\/wp\/v2\/types\/product"}],"version-history":[{"count":1,"href":"https:\/\/www.americanvibeskribbean.com\/en\/wp-json\/wp\/v2\/product\/7443\/revisions"}],"predecessor-version":[{"id":7448,"href":"https:\/\/www.americanvibeskribbean.com\/en\/wp-json\/wp\/v2\/product\/7443\/revisions\/7448"}],"wp:featuredmedia":[{"embeddable":true,"href":"https:\/\/www.americanvibeskribbean.com\/en\/wp-json\/wp\/v2\/media\/7444"}],"wp:attachment":[{"href":"https:\/\/www.americanvibeskribbean.com\/en\/wp-json\/wp\/v2\/media?parent=7443"}],"wp:term":[{"taxonomy":"product_cat","embeddable":true,"href":"https:\/\/www.americanvibeskribbean.com\/en\/wp-json\/wp\/v2\/product_cat?post=7443"},{"taxonomy":"product_tag","embeddable":true,"href":"https:\/\/www.americanvibeskribbean.com\/en\/wp-json\/wp\/v2\/product_tag?post=7443"}],"curies":[{"name":"wp","href":"https:\/\/api.w.org\/{rel}","templated":true}]}}