{"id":7803,"date":"2021-03-25T23:08:06","date_gmt":"2021-03-26T03:08:06","guid":{"rendered":"https:\/\/www.americanvibeskribbean.com\/?post_type=product&#038;p=7803"},"modified":"2022-02-07T10:14:22","modified_gmt":"2022-02-07T14:14:22","slug":"faux-cils-3d-multicolores","status":"publish","type":"product","link":"https:\/\/www.americanvibeskribbean.com\/en\/product\/faux-cils-3d-multicolores\/","title":{"rendered":"Faux cils 3d multicolores"},"content":{"rendered":"<p>Bande de faux-cils 3d 10 mm qualit\u00e9 ROLEX ,doux et fin ,avec un effet naturel color\u00e9<\/p>\n<p>Peut-\u00eatre r\u00e9utilisable max 5 fois<\/p>","protected":false},"excerpt":{"rendered":"<p>Bande de faux-cils 3d 10 mm qualit\u00e9 ROLEX ,doux et fin ,avec un effet naturel color\u00e9 Peut-\u00eatre r\u00e9utilisable max 5 fois<\/p>","protected":false},"featured_media":7804,"template":"","meta":[],"product_cat":[287,135],"product_tag":[],"_links":{"self":[{"href":"https:\/\/www.americanvibeskribbean.com\/en\/wp-json\/wp\/v2\/product\/7803"}],"collection":[{"href":"https:\/\/www.americanvibeskribbean.com\/en\/wp-json\/wp\/v2\/product"}],"about":[{"href":"https:\/\/www.americanvibeskribbean.com\/en\/wp-json\/wp\/v2\/types\/product"}],"version-history":[{"count":1,"href":"https:\/\/www.americanvibeskribbean.com\/en\/wp-json\/wp\/v2\/product\/7803\/revisions"}],"predecessor-version":[{"id":7808,"href":"https:\/\/www.americanvibeskribbean.com\/en\/wp-json\/wp\/v2\/product\/7803\/revisions\/7808"}],"wp:featuredmedia":[{"embeddable":true,"href":"https:\/\/www.americanvibeskribbean.com\/en\/wp-json\/wp\/v2\/media\/7804"}],"wp:attachment":[{"href":"https:\/\/www.americanvibeskribbean.com\/en\/wp-json\/wp\/v2\/media?parent=7803"}],"wp:term":[{"taxonomy":"product_cat","embeddable":true,"href":"https:\/\/www.americanvibeskribbean.com\/en\/wp-json\/wp\/v2\/product_cat?post=7803"},{"taxonomy":"product_tag","embeddable":true,"href":"https:\/\/www.americanvibeskribbean.com\/en\/wp-json\/wp\/v2\/product_tag?post=7803"}],"curies":[{"name":"wp","href":"https:\/\/api.w.org\/{rel}","templated":true}]}}