{"id":9309,"date":"2022-01-24T21:55:53","date_gmt":"2022-01-25T01:55:53","guid":{"rendered":"https:\/\/www.americanvibeskribbean.com\/?post_type=product&#038;p=9309"},"modified":"2022-02-13T09:46:41","modified_gmt":"2022-02-13T13:46:41","slug":"lacewig-eurasian-curly","status":"publish","type":"product","link":"https:\/\/www.americanvibeskribbean.com\/en\/product\/lacewig-eurasian-curly\/","title":{"rendered":"Lacewig eurasian curly"},"content":{"rendered":"<p>Lacewig de Meches sdd 100% raw human hair d&rsquo;origine vietnamiennes de type burmesse en gramme ,texture curly tr\u00e8s souples et leger<\/p>\n<p>Confection main<\/p>\n<p>Effet 100%naturel garantie..<\/p>\n<p>density full<\/p>\n<p>Dur\u00e9e de vie jusqu&rsquo;\u00e0 3ans.<\/p>","protected":false},"excerpt":{"rendered":"<p>Lacewig de Meches sdd 100% raw human hair d&rsquo;origine vietnamiennes de type burmesse en gramme ,texture curly tr\u00e8s souples et leger Confection main Effet 100%naturel garantie.. density full Dur\u00e9e de vie jusqu&rsquo;\u00e0 3ans.<\/p>","protected":false},"featured_media":9310,"template":"","meta":[],"product_cat":[55,42,50],"product_tag":[],"_links":{"self":[{"href":"https:\/\/www.americanvibeskribbean.com\/en\/wp-json\/wp\/v2\/product\/9309"}],"collection":[{"href":"https:\/\/www.americanvibeskribbean.com\/en\/wp-json\/wp\/v2\/product"}],"about":[{"href":"https:\/\/www.americanvibeskribbean.com\/en\/wp-json\/wp\/v2\/types\/product"}],"version-history":[{"count":5,"href":"https:\/\/www.americanvibeskribbean.com\/en\/wp-json\/wp\/v2\/product\/9309\/revisions"}],"predecessor-version":[{"id":9379,"href":"https:\/\/www.americanvibeskribbean.com\/en\/wp-json\/wp\/v2\/product\/9309\/revisions\/9379"}],"wp:featuredmedia":[{"embeddable":true,"href":"https:\/\/www.americanvibeskribbean.com\/en\/wp-json\/wp\/v2\/media\/9310"}],"wp:attachment":[{"href":"https:\/\/www.americanvibeskribbean.com\/en\/wp-json\/wp\/v2\/media?parent=9309"}],"wp:term":[{"taxonomy":"product_cat","embeddable":true,"href":"https:\/\/www.americanvibeskribbean.com\/en\/wp-json\/wp\/v2\/product_cat?post=9309"},{"taxonomy":"product_tag","embeddable":true,"href":"https:\/\/www.americanvibeskribbean.com\/en\/wp-json\/wp\/v2\/product_tag?post=9309"}],"curies":[{"name":"wp","href":"https:\/\/api.w.org\/{rel}","templated":true}]}}