{"id":9380,"date":"2022-04-19T13:00:44","date_gmt":"2022-04-19T17:00:44","guid":{"rendered":"https:\/\/www.americanvibeskribbean.com\/?post_type=product&#038;p=9380"},"modified":"2022-04-19T13:12:11","modified_gmt":"2022-04-19T17:12:11","slug":"lacewig-bob-bone-straigh","status":"publish","type":"product","link":"https:\/\/www.americanvibeskribbean.com\/en\/product\/lacewig-bob-bone-straigh\/","title":{"rendered":"Lacewig bob bone straigh"},"content":{"rendered":"<p>Closure wig Bob straight qualit\u00e9 m\u00e8ches vietnamiennes SDD Bone straight<\/p>\n<p>3<\/p>\n<p>Dur\u00e9e 5_7 ans lissage, bouclage impeccable<\/p>\n<p>Fluidit\u00e9\u00a0 et effet naturel 1000%<\/p>\n<p style=\"text-align: left;\">Avec ou sans frange, confection main<\/p>","protected":false},"excerpt":{"rendered":"<p>Closure wig Bob straight qualit\u00e9 m\u00e8ches vietnamiennes SDD Bone straight 3 Dur\u00e9e 5_7 ans lissage, bouclage impeccable Fluidit\u00e9\u00a0 et effet naturel 1000% Avec ou sans frange, confection main<\/p>","protected":false},"featured_media":9420,"template":"","meta":[],"product_cat":[32,45,55,48,42],"product_tag":[],"_links":{"self":[{"href":"https:\/\/www.americanvibeskribbean.com\/en\/wp-json\/wp\/v2\/product\/9380"}],"collection":[{"href":"https:\/\/www.americanvibeskribbean.com\/en\/wp-json\/wp\/v2\/product"}],"about":[{"href":"https:\/\/www.americanvibeskribbean.com\/en\/wp-json\/wp\/v2\/types\/product"}],"version-history":[{"count":2,"href":"https:\/\/www.americanvibeskribbean.com\/en\/wp-json\/wp\/v2\/product\/9380\/revisions"}],"predecessor-version":[{"id":9448,"href":"https:\/\/www.americanvibeskribbean.com\/en\/wp-json\/wp\/v2\/product\/9380\/revisions\/9448"}],"wp:featuredmedia":[{"embeddable":true,"href":"https:\/\/www.americanvibeskribbean.com\/en\/wp-json\/wp\/v2\/media\/9420"}],"wp:attachment":[{"href":"https:\/\/www.americanvibeskribbean.com\/en\/wp-json\/wp\/v2\/media?parent=9380"}],"wp:term":[{"taxonomy":"product_cat","embeddable":true,"href":"https:\/\/www.americanvibeskribbean.com\/en\/wp-json\/wp\/v2\/product_cat?post=9380"},{"taxonomy":"product_tag","embeddable":true,"href":"https:\/\/www.americanvibeskribbean.com\/en\/wp-json\/wp\/v2\/product_tag?post=9380"}],"curies":[{"name":"wp","href":"https:\/\/api.w.org\/{rel}","templated":true}]}}